{"id":8833,"date":"2023-12-19T11:46:28","date_gmt":"2023-12-19T09:46:28","guid":{"rendered":"https:\/\/merseta.lt\/politique-de-confidentialite\/"},"modified":"2023-12-22T10:45:20","modified_gmt":"2023-12-22T08:45:20","slug":"politique-de-confidentialite","status":"publish","type":"page","link":"https:\/\/merseta.lt\/fr\/politique-de-confidentialite\/","title":{"rendered":"Politique de confidentialit\u00e9"},"content":{"rendered":"\t\t<div data-elementor-type=\"wp-page\" data-elementor-id=\"8833\" class=\"elementor elementor-8833 elementor-3\" data-elementor-post-type=\"page\">\n\t\t\t\t<div class=\"elementor-element elementor-element-7c35ce7 e-flex e-con-boxed e-con e-parent\" data-id=\"7c35ce7\" data-element_type=\"container\">\n\t\t\t\t\t<div class=\"e-con-inner\">\n\t\t\t\t<div class=\"elementor-element elementor-element-51ea34e elementor-widget elementor-widget-breadcrumbs\" data-id=\"51ea34e\" data-element_type=\"widget\" data-widget_type=\"breadcrumbs.default\">\n\t\t\t\t<div class=\"elementor-widget-container\">\n\t\t\t\t\t<p id=\"breadcrumbs\"><span><span><a href=\"https:\/\/merseta.lt\/fr\/\">Principal<\/a><\/span><\/span><\/p>\t\t\t\t<\/div>\n\t\t\t\t<\/div>\n\t\t\t\t\t<\/div>\n\t\t\t\t<\/div>\n\t\t<div class=\"elementor-element elementor-element-906f74c e-flex e-con-boxed e-con e-parent\" data-id=\"906f74c\" data-element_type=\"container\">\n\t\t\t\t\t<div class=\"e-con-inner\">\n\t\t\t\t\t<\/div>\n\t\t\t\t<\/div>\n\t\t<div class=\"elementor-element elementor-element-dbf68f4 privacy-policy e-flex e-con-boxed e-con e-parent\" data-id=\"dbf68f4\" data-element_type=\"container\">\n\t\t\t\t\t<div class=\"e-con-inner\">\n\t\t<div class=\"elementor-element elementor-element-8b9a95b e-con-full elementor-hidden-tablet elementor-hidden-mobile e-flex e-con e-child\" data-id=\"8b9a95b\" data-element_type=\"container\">\n\t\t\t\t<div class=\"elementor-element elementor-element-734e874 navigation elementor-widget elementor-widget-table-of-contents\" data-id=\"734e874\" data-element_type=\"widget\" data-settings=\"{&quot;headings_by_tags&quot;:[&quot;h3&quot;],&quot;exclude_headings_by_selector&quot;:[],&quot;marker_view&quot;:&quot;bullets&quot;,&quot;icon&quot;:{&quot;value&quot;:&quot;&quot;,&quot;library&quot;:&quot;&quot;},&quot;sticky&quot;:&quot;top&quot;,&quot;sticky_offset&quot;:103,&quot;no_headings_message&quot;:&quot;Aucun titre n\\u2019a \\u00e9t\\u00e9 trouv\\u00e9 sur cette page.&quot;,&quot;hierarchical_view&quot;:&quot;yes&quot;,&quot;min_height&quot;:{&quot;unit&quot;:&quot;px&quot;,&quot;size&quot;:&quot;&quot;,&quot;sizes&quot;:[]},&quot;min_height_tablet&quot;:{&quot;unit&quot;:&quot;px&quot;,&quot;size&quot;:&quot;&quot;,&quot;sizes&quot;:[]},&quot;min_height_mobile&quot;:{&quot;unit&quot;:&quot;px&quot;,&quot;size&quot;:&quot;&quot;,&quot;sizes&quot;:[]},&quot;sticky_on&quot;:[&quot;desktop&quot;,&quot;tablet&quot;,&quot;mobile&quot;],&quot;sticky_effects_offset&quot;:0,&quot;sticky_anchor_link_offset&quot;:0}\" data-widget_type=\"table-of-contents.default\">\n\t\t\t\t<div class=\"elementor-widget-container\">\n\t\t\t\t\t\t\t\t\t<div class=\"elementor-toc__header\">\n\t\t\t\t\t\t<h4 class=\"elementor-toc__header-title\">\n\t\t\t\tD\u00e9finitions\t\t\t<\/h4>\n\t\t\t\t\t\t\t\t<\/div>\n\t\t\t\t<div id=\"elementor-toc__734e874\" class=\"elementor-toc__body\">\n\t\t\t<div class=\"elementor-toc__spinner-container\">\n\t\t\t\t<i class=\"elementor-toc__spinner eicon-animation-spin eicon-loading\" aria-hidden=\"true\"><\/i>\t\t\t<\/div>\n\t\t<\/div>\n\t\t\t\t\t\t<\/div>\n\t\t\t\t<\/div>\n\t\t\t\t<\/div>\n\t\t<div class=\"elementor-element elementor-element-2089b39 e-con-full privacy-content e-flex e-con e-child\" data-id=\"2089b39\" data-element_type=\"container\">\n\t\t<div class=\"elementor-element elementor-element-a408076 e-con-full e-flex e-con e-child\" data-id=\"a408076\" data-element_type=\"container\">\n\t\t\t\t<div class=\"elementor-element elementor-element-a71eaf6 elementor-widget elementor-widget-text-editor\" data-id=\"a71eaf6\" data-element_type=\"widget\" data-widget_type=\"text-editor.default\">\n\t\t\t\t<div class=\"elementor-widget-container\">\n\t\t\t\t\t\t\t\t\t<p>SARL \u00abMERSETA\u00bb respecte votre vie priv\u00e9e et s&rsquo;engage \u00e0 traiter et \u00e0 conserver de mani\u00e8re loyale et licite les donn\u00e9es que vous lui fournissez. Cette politique de confidentialit\u00e9 vous informe des principes de base du traitement des donn\u00e9es personnelles et de l&rsquo;exercice de vos droits. SARL \u00abMERSETA\u00bb peut, \u00e0 sa seule discr\u00e9tion, modifier la pr\u00e9sente politique de confidentialit\u00e9, et la politique de confidentialit\u00e9 mise \u00e0 jour entrera en vigueur d\u00e8s sa publication sur le site web. Cette politique de confidentialit\u00e9 et de cookies s&rsquo;applique dans tous les cas lorsque vous visitez le site web de SARL \u00abMERSETA\u00bb. Cette politique ne s&rsquo;applique pas lorsque vous naviguez sur les sites web d&rsquo;autres soci\u00e9t\u00e9s en acc\u00e9dant au site web de SARL \u00abMERSETA\u00bb.<br \/>Nous collectons les donn\u00e9es des visiteurs de notre site Web conform\u00e9ment \u00e0 la loi sur la protection juridique des donn\u00e9es personnelles de la R\u00e9publique de Lituanie, \u00e0 la loi sur les communications \u00e9lectroniques de la R\u00e9publique de Lituanie, \u00e0 la loi sur la protection des donn\u00e9es personnelles de l&rsquo;Union europ\u00e9enne, \u00e0 d&rsquo;autres actes juridiques pertinents et aux instructions des autorit\u00e9s de contr\u00f4le.<\/p>\n\t\t\t\t\t\t\t\t<\/div>\n\t\t\t\t<\/div>\n\t\t\t\t<\/div>\n\t\t<div class=\"elementor-element elementor-element-5a62013 e-con-full e-flex e-con e-child\" data-id=\"5a62013\" data-element_type=\"container\">\n\t\t\t\t<div class=\"elementor-element elementor-element-d9b8046 elementor-widget elementor-widget-heading\" data-id=\"d9b8046\" data-element_type=\"widget\" data-widget_type=\"heading.default\">\n\t\t\t\t<div class=\"elementor-widget-container\">\n\t\t\t\t\t<h3 class=\"elementor-heading-title elementor-size-default\">Collecte de donn\u00e9es<\/h3>\t\t\t\t<\/div>\n\t\t\t\t<\/div>\n\t\t\t\t<div class=\"elementor-element elementor-element-909d530 elementor-widget elementor-widget-text-editor\" data-id=\"909d530\" data-element_type=\"widget\" data-widget_type=\"text-editor.default\">\n\t\t\t\t<div class=\"elementor-widget-container\">\n\t\t\t\t\t\t\t\t\t<p>Nous utilisons des cookies pour collecter des donn\u00e9es sur les actions des visiteurs lorsqu&rsquo;ils naviguent sur notre site web. Les types de cookies et leur finalit\u00e9 sont pr\u00e9sent\u00e9s dans le tableau ci-dessous.<\/p>\n<p>Nous prot\u00e9geons de mani\u00e8re responsable les donn\u00e9es que nous recueillons sur les visiteurs du site web de SARL \u00abMERSETA\u00bb contre la perte, l&rsquo;utilisation non autoris\u00e9e et l&rsquo;alt\u00e9ration. Les employ\u00e9s de SARL \u00abMERSETA\u00bb ont l&rsquo;obligation \u00e9crite de ne pas divulguer ou distribuer \u00e0 des tiers les informations obtenues sur le lieu de travail concernant les clients de l&rsquo;entreprise, y compris les visiteurs du site web de SARL \u00abMERSETA\u00bb.<\/p>\t\t\t\t\t\t\t\t<\/div>\n\t\t\t\t<\/div>\n\t\t\t\t<\/div>\n\t\t<div class=\"elementor-element elementor-element-11d3a27 e-con-full e-flex e-con e-child\" data-id=\"11d3a27\" data-element_type=\"container\">\n\t\t\t\t<div class=\"elementor-element elementor-element-3a11a7d elementor-widget elementor-widget-heading\" data-id=\"3a11a7d\" data-element_type=\"widget\" data-widget_type=\"heading.default\">\n\t\t\t\t<div class=\"elementor-widget-container\">\n\t\t\t\t\t<h3 class=\"elementor-heading-title elementor-size-default\">Utilisation de cookies<\/h3>\t\t\t\t<\/div>\n\t\t\t\t<\/div>\n\t\t\t\t<div class=\"elementor-element elementor-element-5634680 elementor-widget elementor-widget-text-editor\" data-id=\"5634680\" data-element_type=\"widget\" data-widget_type=\"text-editor.default\">\n\t\t\t\t<div class=\"elementor-widget-container\">\n\t\t\t\t\t\t\t\t\t<p>Lorsque vous visitez le site Web de SARL \u00abMERSETA\u00bb, nous cherchons \u00e0 adapter les informations et les fonctions du site \u00e0 vos besoins. Cela n\u00e9cessite l&rsquo;utilisation de cookies. Il s&rsquo;agit de petits \u00e9l\u00e9ments d&rsquo;information qui sont stock\u00e9s dans votre navigateur web. Ils nous aident \u00e0 vous reconna\u00eetre en tant que visiteur pr\u00e9c\u00e9dent du site web de SARL \u00abMERSETA\u00bb, \u00e0 m\u00e9moriser l&rsquo;historique de vos visites et \u00e0 adapter le contenu du site web en cons\u00e9quence. Les cookies permettent \u00e9galement d&rsquo;assurer le bon fonctionnement du site web, de contr\u00f4ler la dur\u00e9e et la fr\u00e9quence des visites sur le site web de SARL \u00abMERSETA\u00bb et de collecter des informations statistiques sur le nombre de visiteurs du site web. L&rsquo;analyse de ces donn\u00e9es nous permet d&rsquo;am\u00e9liorer le site web et de le rendre plus convivial pour vous. Lorsque vous visitez le site web de SARL \u00abMERSETA\u00bb, vous pouvez indiquer si vous acceptez l&rsquo;utilisation de cookies. Si vous n&rsquo;\u00eates pas d&rsquo;accord avec le placement de cookies sur votre ordinateur ou autre appareil, vous pouvez r\u00e9voquer votre consentement \u00e0 l&rsquo;utilisation de cookies \u00e0 tout moment en modifiant vos options et en supprimant les cookies que vous avez plac\u00e9s.<\/p>\n\t\t\t\t\t\t\t\t<\/div>\n\t\t\t\t<\/div>\n\t\t\t\t<\/div>\n\t\t<div class=\"elementor-element elementor-element-ef1735e e-con-full e-flex e-con e-child\" data-id=\"ef1735e\" data-element_type=\"container\">\n\t\t\t\t<div class=\"elementor-element elementor-element-9152abc elementor-widget elementor-widget-heading\" data-id=\"9152abc\" data-element_type=\"widget\" data-widget_type=\"heading.default\">\n\t\t\t\t<div class=\"elementor-widget-container\">\n\t\t\t\t\t<h3 class=\"elementor-heading-title elementor-size-default\">D\u00e9tails des cookies que nous utilisons<\/h3>\t\t\t\t<\/div>\n\t\t\t\t<\/div>\n\t\t\t\t<div class=\"elementor-element elementor-element-487d8eb elementor-widget elementor-widget-text-editor\" data-id=\"487d8eb\" data-element_type=\"widget\" data-widget_type=\"text-editor.default\">\n\t\t\t\t<div class=\"elementor-widget-container\">\n\t\t\t\t\t\t\t\t\t<table>\n<tr>\n<th>Nom<\/th>\n<th>Description<\/th>\n<th>Heure de cr\u00e9ation\/date d&rsquo;expiration<\/th>\n<\/tr>\n<tr>\n<td>CMSSESSIDX<\/td>\n<td>Cookie standard utilis\u00e9 pour maintenir une session utilisateur<\/td>\n<td>Au moment d&rsquo;entrer dans la page \/ Avant de fermer la fen\u00eatre du site web<\/td>\n<\/tr>\n<tr>\n<td>cookiesAgree<\/td>\n<td>Cookie utilis\u00e9 pour d\u00e9terminer si vous avez consenti \u00e0 l&rsquo;utilisation de cookies sur notre site web.<\/td>\n<td>Apr\u00e8s que le consentement a \u00e9t\u00e9 donn\u00e9 \/ Jusqu&rsquo;\u00e0 la suppression<\/td>\n<\/tr>\n<tr>\n<td>cookiesLevelX<\/td>\n<td>Cookie permettant de distinguer les cookies que vous autorisez \u00e0 \u00eatre utilis\u00e9s sur notre site web<\/td>\n<td>Avec consentement \/ Jusqu&rsquo;\u00e0 suppression<\/td>\n<\/tr>\n<tr>\n<td>_ga<\/td>\n<td>Ce cookie est utilis\u00e9 par Google Analytics pour mesurer les objectifs de visite de l&rsquo;utilisateur, pour g\u00e9n\u00e9rer des rapports sur l&rsquo;activit\u00e9 du site web pour les op\u00e9rateurs de site web afin d&rsquo;am\u00e9liorer l&rsquo;exp\u00e9rience du client lorsqu&rsquo;il visite le site web.<\/td>\n<td>Avec le consentement de l&rsquo;utilisateur \/ 2 ans<\/td>\n<\/tr>\n<tr>\n<td>_gat<\/td>\n<td>Ce cookie est utilis\u00e9 par Google Analytics pour collecter des informations statistiques sur le trafic du site.<\/td>\n<td>Lors de la premi\u00e8re visite sur le site \/ A la fin de la session<\/td>\n<\/tr>\n<tr>\n<td>_gid<\/td>\n<td>Ce cookie est utilis\u00e9 par Google Analytics pour identifier une personne<\/td>\n<td>Lors du premier acc\u00e8s au site \/ 2 jours<\/td>\n<\/tr>\n<\/table>\n<p>Pour en savoir plus sur les cookies, notamment sur la mani\u00e8re de les g\u00e9rer ou de les supprimer, vous pouvez consulter le site http:\/\/www.allaboutcookies.org.<\/p>\n<p>Pour savoir comment arr\u00eater le suivi des pages web avec les cookies de Google Analytics, vous pouvez consulter le site http:\/\/tools.google.com\/dlpage\/gaoptout.<\/p>\t\t\t\t\t\t\t\t<\/div>\n\t\t\t\t<\/div>\n\t\t\t\t<\/div>\n\t\t<div class=\"elementor-element elementor-element-55d3c17 e-con-full e-flex e-con e-child\" data-id=\"55d3c17\" data-element_type=\"container\">\n\t\t\t\t<div class=\"elementor-element elementor-element-9c5b9b4 elementor-widget elementor-widget-heading\" data-id=\"9c5b9b4\" data-element_type=\"widget\" data-widget_type=\"heading.default\">\n\t\t\t\t<div class=\"elementor-widget-container\">\n\t\t\t\t\t<h3 class=\"elementor-heading-title elementor-size-default\">Types de cookies<\/h3>\t\t\t\t<\/div>\n\t\t\t\t<\/div>\n\t\t\t\t<div class=\"elementor-element elementor-element-207048d elementor-widget elementor-widget-text-editor\" data-id=\"207048d\" data-element_type=\"widget\" data-widget_type=\"text-editor.default\">\n\t\t\t\t<div class=\"elementor-widget-container\">\n\t\t\t\t\t\t\t\t\t<p>Les cookies sont des cookies de session et des cookies persistants, ainsi que des cookies de premi\u00e8re ou de tierce partie. Nous expliquons ci-dessous la signification de ces termes afin que vous puissiez mieux comprendre quels sont les cookies que nous utilisons et leur finalit\u00e9.<\/p>\n<p><strong>Cookies de session<\/strong><br>Les cookies de session vous permettent d&rsquo;\u00eatre reconnu lors d&rsquo;une seule visite sur notre site web, de sorte que les modifications ou les options d&rsquo;une page sont m\u00e9moris\u00e9es lorsque vous passez d&rsquo;une page \u00e0 l&rsquo;autre. Ces cookies vous permettent de naviguer rapidement et facilement \u00e0 travers de nombreuses pages du site web, de sorte que vous n&rsquo;avez pas \u00e0 traiter \u00e0 nouveau les informations \u00e0 chaque fois que vous visitez un nouvel endroit. Les cookies de session sont temporaires et sont supprim\u00e9s d\u00e8s que vous fermez votre navigateur ou que vous vous d\u00e9connectez du site web.<\/p>\n<p><strong>Cookies persistants<\/strong><br>Les cookies persistants sont des cookies qui restent sur votre ordinateur pendant une p\u00e9riode d\u00e9termin\u00e9e apr\u00e8s la fin d&rsquo;une session de navigation et qui peuvent donc enregistrer certaines pr\u00e9f\u00e9rences ou actions de l&rsquo;utilisateur lorsqu&rsquo;il revient sur le site web.<\/p>\n<p><strong>Cookies de premi\u00e8re partie<\/strong><br>Il s&rsquo;agit des cookies n\u00e9cessaires au bon fonctionnement du site web de SARL MERSETA<\/p>\n<p><strong>Cookies de tierce partie<\/strong><br>Il s&rsquo;agit de cookies utilis\u00e9s par d&rsquo;autres organisations par l&rsquo;interm\u00e9diaire de notre site web. Notre site web MERSETA UAB utilise des cookies Google Analytics pour analyser le trafic du site web. Google Analytics recueille des informations anonymes sur le nombre de visiteurs, l&rsquo;endroit \u00e0 partir duquel notre site a \u00e9t\u00e9 utilis\u00e9 et les parties du site qui ont \u00e9t\u00e9 consult\u00e9es par les visiteurs. Ces cookies sont cr\u00e9\u00e9s pour Google Analytics. Pour plus d&rsquo;informations sur Google Analytics, veuillez consulter le site http:\/\/www.google.com\/analytics.<\/p>\n<p>Toute information collect\u00e9e par le biais des cookies est stock\u00e9e jusqu&rsquo;\u00e0 leur expiration et n&rsquo;est pas utilis\u00e9e \u00e0 d&rsquo;autres fins que celles \u00e9nonc\u00e9es dans la pr\u00e9sente politique.<\/p>\n<p>Notre site web contient des liens vers les sites web d&rsquo;autres personnes, entreprises ou organisations. Veuillez noter que SARL MERSETA n&rsquo;est pas responsable du contenu de ces sites ni des pratiques de confidentialit\u00e9 qu&rsquo;ils utilisent. Par cons\u00e9quent, si vous cliquez sur un lien du site web de MERSETA UAB vers d&rsquo;autres sites web, vous devez consulter s\u00e9par\u00e9ment leurs politiques de confidentialit\u00e9.<\/p>\t\t\t\t\t\t\t\t<\/div>\n\t\t\t\t<\/div>\n\t\t\t\t<\/div>\n\t\t<div class=\"elementor-element elementor-element-b933a19 e-con-full e-flex e-con e-child\" data-id=\"b933a19\" data-element_type=\"container\">\n\t\t\t\t<div class=\"elementor-element elementor-element-767fc09 elementor-widget elementor-widget-heading\" data-id=\"767fc09\" data-element_type=\"widget\" data-widget_type=\"heading.default\">\n\t\t\t\t<div class=\"elementor-widget-container\">\n\t\t\t\t\t<h3 class=\"elementor-heading-title elementor-size-default\">Vos droits<\/h3>\t\t\t\t<\/div>\n\t\t\t\t<\/div>\n\t\t\t\t<div class=\"elementor-element elementor-element-ea1ec1d elementor-widget elementor-widget-text-editor\" data-id=\"ea1ec1d\" data-element_type=\"widget\" data-widget_type=\"text-editor.default\">\n\t\t\t\t<div class=\"elementor-widget-container\">\n\t\t\t\t\t\t\t\t\t<p>Vous avez le droit d&rsquo;acc\u00e9der \u00e0 vos donn\u00e9es que nous traitons par le biais de cookies. Vous avez \u00e9galement le droit de demander la rectification de donn\u00e9es incompl\u00e8tes ou inexactes.<\/p>\n<p>Si vous avez des questions ou souhaitez exercer vos droits, veuillez nous contacter par email. par e-mail \u00e0 merseta@merseta.lt ou par d&rsquo;autres moyens indiqu\u00e9s sur ce site Web.<\/p>\t\t\t\t\t\t\t\t<\/div>\n\t\t\t\t<\/div>\n\t\t\t\t<\/div>\n\t\t\t\t<\/div>\n\t\t\t\t\t<\/div>\n\t\t\t\t<\/div>\n\t\t<div class=\"elementor-element elementor-element-4ee14d4 e-flex e-con-boxed e-con e-parent\" data-id=\"4ee14d4\" data-element_type=\"container\">\n\t\t\t\t\t<div class=\"e-con-inner\">\n\t\t\t\t<div class=\"elementor-element elementor-element-bf8b2c2 elementor-widget elementor-widget-html\" data-id=\"bf8b2c2\" data-element_type=\"widget\" data-widget_type=\"html.default\">\n\t\t\t\t<div class=\"elementor-widget-container\">\n\t\t\t\t\t<script>jQuery(document).ready(function(){\n        setTimeout(function(){\n            document.addEventListener('scroll', function(){\n                var difference = 99999999;\n\t\t\t    var nearestId = '';\n\t\t\t    var container = document.querySelector('.privacy-policy');\n\n                document.querySelectorAll('.privacy-policy .elementor-widget-heading .elementor-menu-anchor').forEach(function(heading){\n                    var newDif = heading.getBoundingClientRect().top;\n\t\t\t        if(newDif <difference && newDif> 0){\n\t\t\t    \t    difference = newDif;\n\t\t\t    \t    nearestId = heading.id;\n\t\t\t        }\n                });\n                document.querySelectorAll('.navigation li a').forEach(function(link){\n\t\t\t        if(link.classList.contains('active')){\n\t\t\t    \t    link.classList.remove('active');\n\t\t\t        }\n\t\t\t        if(link.getAttribute('href') == '#' + nearestId){\n\t\t\t    \t    link.classList.add('active');\n\t\t\t        }\n\t\t        });\n            });\n        }, 1000);\n    });\n<\/script>\t\t\t\t<\/div>\n\t\t\t\t<\/div>\n\t\t\t\t\t<\/div>\n\t\t\t\t<\/div>\n\t\t\t\t<\/div>\n\t\t","protected":false},"excerpt":{"rendered":"<p>D\u00e9finitions SARL \u00abMERSETA\u00bb respecte votre vie priv\u00e9e et s&rsquo;engage \u00e0 traiter et \u00e0 conserver de mani\u00e8re loyale et licite les donn\u00e9es que vous lui fournissez. Cette politique de confidentialit\u00e9 vous informe des principes de base du traitement des donn\u00e9es personnelles et de l&rsquo;exercice de vos droits. SARL \u00abMERSETA\u00bb peut, \u00e0 sa seule discr\u00e9tion, modifier la [&hellip;]<\/p>\n","protected":false},"author":1,"featured_media":0,"parent":0,"menu_order":0,"comment_status":"closed","ping_status":"open","template":"","meta":{"_acf_changed":false,"footnotes":""},"class_list":["post-8833","page","type-page","status-publish","hentry"],"acf":[],"yoast_head":"<!-- This site is optimized with the Yoast SEO plugin v26.3 - https:\/\/yoast.com\/wordpress\/plugins\/seo\/ -->\n<title>Politique de confidentialit\u00e9 - Merseta<\/title>\n<meta name=\"robots\" content=\"index, follow, max-snippet:-1, max-image-preview:large, max-video-preview:-1\" \/>\n<link rel=\"canonical\" href=\"https:\/\/merseta.lt\/fr\/politique-de-confidentialite\/\" \/>\n<meta property=\"og:locale\" content=\"fr_FR\" \/>\n<meta property=\"og:type\" content=\"article\" \/>\n<meta property=\"og:title\" content=\"Politique de confidentialit\u00e9 - Merseta\" \/>\n<meta property=\"og:description\" content=\"D\u00e9finitions SARL \u00abMERSETA\u00bb respecte votre vie priv\u00e9e et s&rsquo;engage \u00e0 traiter et \u00e0 conserver de mani\u00e8re loyale et licite les donn\u00e9es que vous lui fournissez. Cette politique de confidentialit\u00e9 vous informe des principes de base du traitement des donn\u00e9es personnelles et de l&rsquo;exercice de vos droits. SARL \u00abMERSETA\u00bb peut, \u00e0 sa seule discr\u00e9tion, modifier la [&hellip;]\" \/>\n<meta property=\"og:url\" content=\"https:\/\/merseta.lt\/fr\/politique-de-confidentialite\/\" \/>\n<meta property=\"og:site_name\" content=\"Merseta\" \/>\n<meta property=\"article:modified_time\" content=\"2023-12-22T08:45:20+00:00\" \/>\n<meta name=\"twitter:card\" content=\"summary_large_image\" \/>\n<meta name=\"twitter:label1\" content=\"Dur\u00e9e de lecture estim\u00e9e\" \/>\n\t<meta name=\"twitter:data1\" content=\"6 minutes\" \/>\n<script type=\"application\/ld+json\" class=\"yoast-schema-graph\">{\"@context\":\"https:\/\/schema.org\",\"@graph\":[{\"@type\":\"WebPage\",\"@id\":\"https:\/\/merseta.lt\/fr\/politique-de-confidentialite\/\",\"url\":\"https:\/\/merseta.lt\/fr\/politique-de-confidentialite\/\",\"name\":\"Politique de confidentialit\u00e9 - Merseta\",\"isPartOf\":{\"@id\":\"https:\/\/merseta.lt\/#website\"},\"datePublished\":\"2023-12-19T09:46:28+00:00\",\"dateModified\":\"2023-12-22T08:45:20+00:00\",\"breadcrumb\":{\"@id\":\"https:\/\/merseta.lt\/fr\/politique-de-confidentialite\/#breadcrumb\"},\"inLanguage\":\"fr-FR\",\"potentialAction\":[{\"@type\":\"ReadAction\",\"target\":[\"https:\/\/merseta.lt\/fr\/politique-de-confidentialite\/\"]}]},{\"@type\":\"BreadcrumbList\",\"@id\":\"https:\/\/merseta.lt\/fr\/politique-de-confidentialite\/#breadcrumb\",\"itemListElement\":[{\"@type\":\"ListItem\",\"position\":1,\"name\":\"Principal\",\"item\":\"https:\/\/merseta.lt\/fr\/\"},{\"@type\":\"ListItem\",\"position\":2,\"name\":\"Politique de confidentialit\u00e9\"}]},{\"@type\":\"WebSite\",\"@id\":\"https:\/\/merseta.lt\/#website\",\"url\":\"https:\/\/merseta.lt\/\",\"name\":\"Merseta\",\"description\":\"Fabricant reconnu d&#039;\u00e9quipements d&#039;extinction et d&#039;extincteurs de qualit\u00e9.\",\"publisher\":{\"@id\":\"https:\/\/merseta.lt\/#organization\"},\"potentialAction\":[{\"@type\":\"SearchAction\",\"target\":{\"@type\":\"EntryPoint\",\"urlTemplate\":\"https:\/\/merseta.lt\/?s={search_term_string}\"},\"query-input\":{\"@type\":\"PropertyValueSpecification\",\"valueRequired\":true,\"valueName\":\"search_term_string\"}}],\"inLanguage\":\"fr-FR\"},{\"@type\":\"Organization\",\"@id\":\"https:\/\/merseta.lt\/#organization\",\"name\":\"Merseta\",\"url\":\"https:\/\/merseta.lt\/\",\"logo\":{\"@type\":\"ImageObject\",\"inLanguage\":\"fr-FR\",\"@id\":\"https:\/\/merseta.lt\/#\/schema\/logo\/image\/\",\"url\":\"https:\/\/merseta.lt\/wp-content\/uploads\/2023\/09\/logo-MAX-1.png\",\"contentUrl\":\"https:\/\/merseta.lt\/wp-content\/uploads\/2023\/09\/logo-MAX-1.png\",\"width\":285,\"height\":34,\"caption\":\"Merseta\"},\"image\":{\"@id\":\"https:\/\/merseta.lt\/#\/schema\/logo\/image\/\"}}]}<\/script>\n<!-- \/ Yoast SEO plugin. -->","yoast_head_json":{"title":"Politique de confidentialit\u00e9 - Merseta","robots":{"index":"index","follow":"follow","max-snippet":"max-snippet:-1","max-image-preview":"max-image-preview:large","max-video-preview":"max-video-preview:-1"},"canonical":"https:\/\/merseta.lt\/fr\/politique-de-confidentialite\/","og_locale":"fr_FR","og_type":"article","og_title":"Politique de confidentialit\u00e9 - Merseta","og_description":"D\u00e9finitions SARL \u00abMERSETA\u00bb respecte votre vie priv\u00e9e et s&rsquo;engage \u00e0 traiter et \u00e0 conserver de mani\u00e8re loyale et licite les donn\u00e9es que vous lui fournissez. Cette politique de confidentialit\u00e9 vous informe des principes de base du traitement des donn\u00e9es personnelles et de l&rsquo;exercice de vos droits. SARL \u00abMERSETA\u00bb peut, \u00e0 sa seule discr\u00e9tion, modifier la [&hellip;]","og_url":"https:\/\/merseta.lt\/fr\/politique-de-confidentialite\/","og_site_name":"Merseta","article_modified_time":"2023-12-22T08:45:20+00:00","twitter_card":"summary_large_image","twitter_misc":{"Dur\u00e9e de lecture estim\u00e9e":"6 minutes"},"schema":{"@context":"https:\/\/schema.org","@graph":[{"@type":"WebPage","@id":"https:\/\/merseta.lt\/fr\/politique-de-confidentialite\/","url":"https:\/\/merseta.lt\/fr\/politique-de-confidentialite\/","name":"Politique de confidentialit\u00e9 - Merseta","isPartOf":{"@id":"https:\/\/merseta.lt\/#website"},"datePublished":"2023-12-19T09:46:28+00:00","dateModified":"2023-12-22T08:45:20+00:00","breadcrumb":{"@id":"https:\/\/merseta.lt\/fr\/politique-de-confidentialite\/#breadcrumb"},"inLanguage":"fr-FR","potentialAction":[{"@type":"ReadAction","target":["https:\/\/merseta.lt\/fr\/politique-de-confidentialite\/"]}]},{"@type":"BreadcrumbList","@id":"https:\/\/merseta.lt\/fr\/politique-de-confidentialite\/#breadcrumb","itemListElement":[{"@type":"ListItem","position":1,"name":"Principal","item":"https:\/\/merseta.lt\/fr\/"},{"@type":"ListItem","position":2,"name":"Politique de confidentialit\u00e9"}]},{"@type":"WebSite","@id":"https:\/\/merseta.lt\/#website","url":"https:\/\/merseta.lt\/","name":"Merseta","description":"Fabricant reconnu d&#039;\u00e9quipements d&#039;extinction et d&#039;extincteurs de qualit\u00e9.","publisher":{"@id":"https:\/\/merseta.lt\/#organization"},"potentialAction":[{"@type":"SearchAction","target":{"@type":"EntryPoint","urlTemplate":"https:\/\/merseta.lt\/?s={search_term_string}"},"query-input":{"@type":"PropertyValueSpecification","valueRequired":true,"valueName":"search_term_string"}}],"inLanguage":"fr-FR"},{"@type":"Organization","@id":"https:\/\/merseta.lt\/#organization","name":"Merseta","url":"https:\/\/merseta.lt\/","logo":{"@type":"ImageObject","inLanguage":"fr-FR","@id":"https:\/\/merseta.lt\/#\/schema\/logo\/image\/","url":"https:\/\/merseta.lt\/wp-content\/uploads\/2023\/09\/logo-MAX-1.png","contentUrl":"https:\/\/merseta.lt\/wp-content\/uploads\/2023\/09\/logo-MAX-1.png","width":285,"height":34,"caption":"Merseta"},"image":{"@id":"https:\/\/merseta.lt\/#\/schema\/logo\/image\/"}}]}},"_links":{"self":[{"href":"https:\/\/merseta.lt\/fr\/wp-json\/wp\/v2\/pages\/8833","targetHints":{"allow":["GET"]}}],"collection":[{"href":"https:\/\/merseta.lt\/fr\/wp-json\/wp\/v2\/pages"}],"about":[{"href":"https:\/\/merseta.lt\/fr\/wp-json\/wp\/v2\/types\/page"}],"author":[{"embeddable":true,"href":"https:\/\/merseta.lt\/fr\/wp-json\/wp\/v2\/users\/1"}],"replies":[{"embeddable":true,"href":"https:\/\/merseta.lt\/fr\/wp-json\/wp\/v2\/comments?post=8833"}],"version-history":[{"count":3,"href":"https:\/\/merseta.lt\/fr\/wp-json\/wp\/v2\/pages\/8833\/revisions"}],"predecessor-version":[{"id":10145,"href":"https:\/\/merseta.lt\/fr\/wp-json\/wp\/v2\/pages\/8833\/revisions\/10145"}],"wp:attachment":[{"href":"https:\/\/merseta.lt\/fr\/wp-json\/wp\/v2\/media?parent=8833"}],"curies":[{"name":"wp","href":"https:\/\/api.w.org\/{rel}","templated":true}]}}