{"id":8792,"date":"2023-12-19T10:20:41","date_gmt":"2023-12-19T08:20:41","guid":{"rendered":"https:\/\/merseta.lt\/certificats\/"},"modified":"2026-02-11T14:17:15","modified_gmt":"2026-02-11T12:17:15","slug":"certificats","status":"publish","type":"page","link":"https:\/\/merseta.lt\/fr\/certificats\/","title":{"rendered":"Certificats"},"content":{"rendered":"\t\t<div data-elementor-type=\"wp-page\" data-elementor-id=\"8792\" class=\"elementor elementor-8792 elementor-28\" data-elementor-post-type=\"page\">\n\t\t\t\t<div class=\"elementor-element elementor-element-ee838a7 e-flex e-con-boxed e-con e-parent\" data-id=\"ee838a7\" data-element_type=\"container\">\n\t\t\t\t\t<div class=\"e-con-inner\">\n\t\t\t\t<div class=\"elementor-element elementor-element-3ac6004 elementor-widget elementor-widget-breadcrumbs\" data-id=\"3ac6004\" data-element_type=\"widget\" data-widget_type=\"breadcrumbs.default\">\n\t\t\t\t<div class=\"elementor-widget-container\">\n\t\t\t\t\t<p id=\"breadcrumbs\"><span><span><a href=\"https:\/\/merseta.lt\/fr\/\">Principal<\/a><\/span><\/span><\/p>\t\t\t\t<\/div>\n\t\t\t\t<\/div>\n\t\t\t\t\t<\/div>\n\t\t\t\t<\/div>\n\t\t<div class=\"elementor-element elementor-element-f14044d e-flex e-con-boxed e-con e-parent\" data-id=\"f14044d\" data-element_type=\"container\">\n\t\t\t\t\t<div class=\"e-con-inner\">\n\t\t\t\t<div class=\"elementor-element elementor-element-182a0ff watermark-effect elementor-widget elementor-widget-heading\" data-id=\"182a0ff\" data-element_type=\"widget\" data-widget_type=\"heading.default\">\n\t\t\t\t<div class=\"elementor-widget-container\">\n\t\t\t\t\t<h2 class=\"elementor-heading-title elementor-size-default\">Certificats d'extincteurs<\/h2>\t\t\t\t<\/div>\n\t\t\t\t<\/div>\n\t\t\t\t<div class=\"elementor-element elementor-element-47c2423 elementor-widget__width-auto section-title indent elementor-widget elementor-widget-heading\" data-id=\"47c2423\" data-element_type=\"widget\" data-widget_type=\"heading.default\">\n\t\t\t\t<div class=\"elementor-widget-container\">\n\t\t\t\t\t<h2 class=\"elementor-heading-title elementor-size-default\">CERTIFICATS<\/h2>\t\t\t\t<\/div>\n\t\t\t\t<\/div>\n\t\t\t\t<div class=\"elementor-element elementor-element-522fcff elementor-widget__width-initial animated-slow elementor-invisible elementor-widget elementor-widget-text-editor\" data-id=\"522fcff\" data-element_type=\"widget\" data-settings=\"{&quot;_animation&quot;:&quot;fadeIn&quot;,&quot;_animation_mobile&quot;:&quot;none&quot;}\" data-widget_type=\"text-editor.default\">\n\t\t\t\t<div class=\"elementor-widget-container\">\n\t\t\t\t\t\t\t\t\t<p>SARL \u00abMerseta\u00bb est fabricant et fournisseur de mat\u00e9riel de lutte contre l&rsquo;incendie depuis 1993.<\/p>\n<p>Nous veillons \u00e0 ce que nos produits r\u00e9pondent aux normes europ\u00e9ennes et internationales les plus strictes. Gr\u00e2ce \u00e0 notre personnel qualifi\u00e9 et exp\u00e9riment\u00e9, nous nous effor\u00e7ons constamment d&rsquo;am\u00e9liorer la qualit\u00e9 de nos produits et de nos services. Nos produits sont test\u00e9s et am\u00e9lior\u00e9s par des organismes de certification accr\u00e9dit\u00e9s.<\/p>\n\t\t\t\t\t\t\t\t<\/div>\n\t\t\t\t<\/div>\n\t\t\t\t\t<\/div>\n\t\t\t\t<\/div>\n\t\t<div class=\"elementor-element elementor-element-0940e57 sertificate-list e-flex e-con-boxed e-con e-parent\" data-id=\"0940e57\" data-element_type=\"container\">\n\t\t\t\t\t<div class=\"e-con-inner\">\n\t\t<div class=\"elementor-element elementor-element-8c5f5c8 e-con-full sertificate-block card-hover-scalling animated-slow e-flex elementor-invisible e-con e-child\" data-id=\"8c5f5c8\" data-element_type=\"container\" data-settings=\"{&quot;animation&quot;:&quot;fadeIn&quot;,&quot;animation_mobile&quot;:&quot;none&quot;,&quot;animation_delay&quot;:500}\">\n\t\t\t\t<div class=\"elementor-element elementor-element-97dabf6 elementor-widget elementor-widget-image\" data-id=\"97dabf6\" data-element_type=\"widget\" data-widget_type=\"image.default\">\n\t\t\t\t<div class=\"elementor-widget-container\">\n\t\t\t\t\t\t\t\t\t\t\t\t\t\t\t\t<a href=\"https:\/\/merseta.lt\/fr\/cnpp\/\" target=\"_blank\">\n\t\t\t\t\t\t\t<img decoding=\"async\" width=\"124\" height=\"79\" src=\"https:\/\/merseta.lt\/wp-content\/uploads\/2023\/10\/20190517-123205-logo-cnpp-entreprise-1.png\" class=\"attachment-medium size-medium wp-image-7677\" alt=\"\" \/>\t\t\t\t\t\t\t\t<\/a>\n\t\t\t\t\t\t\t\t\t\t\t\t\t\t\t<\/div>\n\t\t\t\t<\/div>\n\t\t\t\t<div class=\"elementor-element elementor-element-cc451ef sertificate-name elementor-widget elementor-widget-heading\" data-id=\"cc451ef\" data-element_type=\"widget\" data-widget_type=\"heading.default\">\n\t\t\t\t<div class=\"elementor-widget-container\">\n\t\t\t\t\t<h2 class=\"elementor-heading-title elementor-size-default\"><a href=\"https:\/\/merseta.lt\/fr\/cnpp\/\" target=\"_blank\">\"Agr\u00e9ment CNPP selon NFS 61804 (norme fran\u00e7aise)\"<\/a><\/h2>\t\t\t\t<\/div>\n\t\t\t\t<\/div>\n\t\t\t\t<\/div>\n\t\t<div class=\"elementor-element elementor-element-5e5ec05 e-con-full sertificate-block card-hover-scalling animated-slow e-flex elementor-invisible e-con e-child\" data-id=\"5e5ec05\" data-element_type=\"container\" data-settings=\"{&quot;animation&quot;:&quot;fadeIn&quot;,&quot;animation_mobile&quot;:&quot;none&quot;,&quot;animation_delay&quot;:750}\">\n\t\t\t\t<div class=\"elementor-element elementor-element-23bca98 elementor-widget elementor-widget-image\" data-id=\"23bca98\" data-element_type=\"widget\" data-widget_type=\"image.default\">\n\t\t\t\t<div class=\"elementor-widget-container\">\n\t\t\t\t\t\t\t\t\t\t\t\t\t\t\t\t<a href=\"https:\/\/merseta.lt\/fr\/gs-merseta-2017-gs-1180\/\" target=\"_blank\">\n\t\t\t\t\t\t\t<img decoding=\"async\" width=\"183\" height=\"79\" src=\"https:\/\/merseta.lt\/wp-content\/uploads\/2023\/10\/OIP-1-2.png\" class=\"attachment-medium size-medium wp-image-7669\" alt=\"\" \/>\t\t\t\t\t\t\t\t<\/a>\n\t\t\t\t\t\t\t\t\t\t\t\t\t\t\t<\/div>\n\t\t\t\t<\/div>\n\t\t\t\t<div class=\"elementor-element elementor-element-a0f7a0c sertificate-name elementor-widget elementor-widget-heading\" data-id=\"a0f7a0c\" data-element_type=\"widget\" data-widget_type=\"heading.default\">\n\t\t\t\t<div class=\"elementor-widget-container\">\n\t\t\t\t\t<h2 class=\"elementor-heading-title elementor-size-default\"><a href=\"https:\/\/merseta.lt\/fr\/gs-merseta-2017-gs-1180\/\" target=\"_blank\">Certificat GS de MPA Dresden<\/a><\/h2>\t\t\t\t<\/div>\n\t\t\t\t<\/div>\n\t\t\t\t<\/div>\n\t\t<div class=\"elementor-element elementor-element-4e5f5f9 e-con-full sertificate-block card-hover-scalling animated-slow e-flex elementor-invisible e-con e-child\" data-id=\"4e5f5f9\" data-element_type=\"container\" data-settings=\"{&quot;animation&quot;:&quot;fadeIn&quot;,&quot;animation_mobile&quot;:&quot;none&quot;,&quot;animation_delay&quot;:1000}\">\n\t\t\t\t<div class=\"elementor-element elementor-element-9220744 elementor-widget elementor-widget-image\" data-id=\"9220744\" data-element_type=\"widget\" data-widget_type=\"image.default\">\n\t\t\t\t<div class=\"elementor-widget-container\">\n\t\t\t\t\t\t\t\t\t\t\t\t\t\t\t\t<a href=\"https:\/\/merseta.lt\/fr\/gtc100870-25-kg_removed_page-0001\/\" target=\"_blank\">\n\t\t\t\t\t\t\t<img decoding=\"async\" width=\"89\" height=\"78\" src=\"https:\/\/merseta.lt\/wp-content\/uploads\/2023\/10\/TUVlogo_noclaim_vertical_P300_vec-1024x906-1.png\" class=\"attachment-medium size-medium wp-image-7673\" alt=\"\" \/>\t\t\t\t\t\t\t\t<\/a>\n\t\t\t\t\t\t\t\t\t\t\t\t\t\t\t<\/div>\n\t\t\t\t<\/div>\n\t\t\t\t<div class=\"elementor-element elementor-element-0de21f7 sertificate-name elementor-widget elementor-widget-heading\" data-id=\"0de21f7\" data-element_type=\"widget\" data-widget_type=\"heading.default\">\n\t\t\t\t<div class=\"elementor-widget-container\">\n\t\t\t\t\t<h2 class=\"elementor-heading-title elementor-size-default\"><a href=\"https:\/\/merseta.lt\/fr\/gtc100870-25-kg_removed_page-0001\/\" target=\"_blank\">CERTIFICAT GTC pour les extincteurs \u00e0 poudre 25KG<\/a><\/h2>\t\t\t\t<\/div>\n\t\t\t\t<\/div>\n\t\t\t\t<\/div>\n\t\t<div class=\"elementor-element elementor-element-3de0abd e-con-full sertificate-block card-hover-scalling animated-slow e-flex elementor-invisible e-con e-child\" data-id=\"3de0abd\" data-element_type=\"container\" data-settings=\"{&quot;animation&quot;:&quot;fadeIn&quot;,&quot;animation_mobile&quot;:&quot;none&quot;,&quot;animation_delay&quot;:1250}\">\n\t\t\t\t<div class=\"elementor-element elementor-element-28ad416 elementor-widget elementor-widget-image\" data-id=\"28ad416\" data-element_type=\"widget\" data-widget_type=\"image.default\">\n\t\t\t\t<div class=\"elementor-widget-container\">\n\t\t\t\t\t\t\t\t\t\t\t\t\t\t\t\t<a href=\"https:\/\/merseta.lt\/fr\/gtc100799-sertifikatas\/\" target=\"_blank\">\n\t\t\t\t\t\t\t<img decoding=\"async\" width=\"89\" height=\"78\" src=\"https:\/\/merseta.lt\/wp-content\/uploads\/2023\/10\/TUVlogo_noclaim_vertical_P300_vec-1024x906-1.png\" class=\"attachment-medium size-medium wp-image-7673\" alt=\"\" \/>\t\t\t\t\t\t\t\t<\/a>\n\t\t\t\t\t\t\t\t\t\t\t\t\t\t\t<\/div>\n\t\t\t\t<\/div>\n\t\t\t\t<div class=\"elementor-element elementor-element-fa0fdcd sertificate-name elementor-widget elementor-widget-heading\" data-id=\"fa0fdcd\" data-element_type=\"widget\" data-widget_type=\"heading.default\">\n\t\t\t\t<div class=\"elementor-widget-container\">\n\t\t\t\t\t<h2 class=\"elementor-heading-title elementor-size-default\"><a href=\"https:\/\/merseta.lt\/fr\/gtc100799-sertifikatas\/\" target=\"_blank\">CERTIFICAT GTC pour les extincteurs \u00e0 poudre 6KG, \u00e0 mousse d'eau 6L, 9L et \u00e0 dioxyde de carbone 5KG.<\/a><\/h2>\t\t\t\t<\/div>\n\t\t\t\t<\/div>\n\t\t\t\t<\/div>\n\t\t<div class=\"elementor-element elementor-element-6b208a5 e-con-full sertificate-block card-hover-scalling animated-slow e-flex elementor-invisible e-con e-child\" data-id=\"6b208a5\" data-element_type=\"container\" data-settings=\"{&quot;animation&quot;:&quot;fadeIn&quot;,&quot;animation_mobile&quot;:&quot;none&quot;,&quot;animation_delay&quot;:1500}\">\n\t\t\t\t<div class=\"elementor-element elementor-element-6dcfad0 elementor-widget elementor-widget-image\" data-id=\"6dcfad0\" data-element_type=\"widget\" data-widget_type=\"image.default\">\n\t\t\t\t<div class=\"elementor-widget-container\">\n\t\t\t\t\t\t\t\t\t\t\t\t\t\t\t\t<a href=\"https:\/\/merseta.lt\/fr\/gtc100858-1-kg-2-kg-4-kg_removed_page-0001\/\" target=\"_blank\">\n\t\t\t\t\t\t\t<img decoding=\"async\" width=\"89\" height=\"78\" src=\"https:\/\/merseta.lt\/wp-content\/uploads\/2023\/10\/TUVlogo_noclaim_vertical_P300_vec-1024x906-1.png\" class=\"attachment-medium size-medium wp-image-7673\" alt=\"\" \/>\t\t\t\t\t\t\t\t<\/a>\n\t\t\t\t\t\t\t\t\t\t\t\t\t\t\t<\/div>\n\t\t\t\t<\/div>\n\t\t\t\t<div class=\"elementor-element elementor-element-2dc892e sertificate-name elementor-widget elementor-widget-heading\" data-id=\"2dc892e\" data-element_type=\"widget\" data-widget_type=\"heading.default\">\n\t\t\t\t<div class=\"elementor-widget-container\">\n\t\t\t\t\t<h2 class=\"elementor-heading-title elementor-size-default\"><a href=\"https:\/\/merseta.lt\/fr\/gtc100858-1-kg-2-kg-4-kg_removed_page-0001\/\" target=\"_blank\">CERTIFICAT GTC pour les extincteurs \u00e0 poudre 1KG, 2KG et 4KG<\/a><\/h2>\t\t\t\t<\/div>\n\t\t\t\t<\/div>\n\t\t\t\t<\/div>\n\t\t\t\t\t<\/div>\n\t\t\t\t<\/div>\n\t\t\t\t<\/div>\n\t\t","protected":false},"excerpt":{"rendered":"<p>Certificats d&rsquo;extincteurs CERTIFICATS SARL \u00abMerseta\u00bb est fabricant et fournisseur de mat\u00e9riel de lutte contre l&rsquo;incendie depuis 1993. Nous veillons \u00e0 ce que nos produits r\u00e9pondent aux normes europ\u00e9ennes et internationales les plus strictes. Gr\u00e2ce \u00e0 notre personnel qualifi\u00e9 et exp\u00e9riment\u00e9, nous nous effor\u00e7ons constamment d&rsquo;am\u00e9liorer la qualit\u00e9 de nos produits et de nos services. Nos [&hellip;]<\/p>\n","protected":false},"author":1,"featured_media":0,"parent":0,"menu_order":0,"comment_status":"closed","ping_status":"closed","template":"","meta":{"_acf_changed":false,"footnotes":""},"class_list":["post-8792","page","type-page","status-publish","hentry"],"acf":[],"yoast_head":"<!-- This site is optimized with the Yoast SEO plugin v26.3 - https:\/\/yoast.com\/wordpress\/plugins\/seo\/ -->\n<title>Certificats - Merseta<\/title>\n<meta name=\"robots\" content=\"index, follow, max-snippet:-1, max-image-preview:large, max-video-preview:-1\" \/>\n<link rel=\"canonical\" href=\"https:\/\/merseta.lt\/sertifikatai\/\" \/>\n<meta property=\"og:locale\" content=\"fr_FR\" \/>\n<meta property=\"og:type\" content=\"article\" \/>\n<meta property=\"og:title\" content=\"Certificats - Merseta\" \/>\n<meta property=\"og:description\" content=\"Certificats d&rsquo;extincteurs CERTIFICATS SARL \u00abMerseta\u00bb est fabricant et fournisseur de mat\u00e9riel de lutte contre l&rsquo;incendie depuis 1993. Nous veillons \u00e0 ce que nos produits r\u00e9pondent aux normes europ\u00e9ennes et internationales les plus strictes. Gr\u00e2ce \u00e0 notre personnel qualifi\u00e9 et exp\u00e9riment\u00e9, nous nous effor\u00e7ons constamment d&rsquo;am\u00e9liorer la qualit\u00e9 de nos produits et de nos services. Nos [&hellip;]\" \/>\n<meta property=\"og:url\" content=\"https:\/\/merseta.lt\/sertifikatai\/\" \/>\n<meta property=\"og:site_name\" content=\"Merseta\" \/>\n<meta property=\"article:modified_time\" content=\"2026-02-11T12:17:15+00:00\" \/>\n<meta property=\"og:image\" content=\"https:\/\/merseta.lt\/wp-content\/uploads\/2023\/10\/20190517-123205-logo-cnpp-entreprise-1.png\" \/>\n\t<meta property=\"og:image:width\" content=\"124\" \/>\n\t<meta property=\"og:image:height\" content=\"79\" \/>\n\t<meta property=\"og:image:type\" content=\"image\/png\" \/>\n<meta name=\"twitter:card\" content=\"summary_large_image\" \/>\n<meta name=\"twitter:label1\" content=\"Dur\u00e9e de lecture estim\u00e9e\" \/>\n\t<meta name=\"twitter:data1\" content=\"2 minutes\" \/>\n<script type=\"application\/ld+json\" class=\"yoast-schema-graph\">{\"@context\":\"https:\/\/schema.org\",\"@graph\":[{\"@type\":\"WebPage\",\"@id\":\"https:\/\/merseta.lt\/sertifikatai\/\",\"url\":\"https:\/\/merseta.lt\/sertifikatai\/\",\"name\":\"Certificats - Merseta\",\"isPartOf\":{\"@id\":\"https:\/\/merseta.lt\/#website\"},\"primaryImageOfPage\":{\"@id\":\"https:\/\/merseta.lt\/sertifikatai\/#primaryimage\"},\"image\":{\"@id\":\"https:\/\/merseta.lt\/sertifikatai\/#primaryimage\"},\"thumbnailUrl\":\"https:\/\/merseta.lt\/wp-content\/uploads\/2023\/10\/20190517-123205-logo-cnpp-entreprise-1.png\",\"datePublished\":\"2023-12-19T08:20:41+00:00\",\"dateModified\":\"2026-02-11T12:17:15+00:00\",\"breadcrumb\":{\"@id\":\"https:\/\/merseta.lt\/sertifikatai\/#breadcrumb\"},\"inLanguage\":\"fr-FR\",\"potentialAction\":[{\"@type\":\"ReadAction\",\"target\":[\"https:\/\/merseta.lt\/sertifikatai\/\"]}]},{\"@type\":\"ImageObject\",\"inLanguage\":\"fr-FR\",\"@id\":\"https:\/\/merseta.lt\/sertifikatai\/#primaryimage\",\"url\":\"https:\/\/merseta.lt\/wp-content\/uploads\/2023\/10\/20190517-123205-logo-cnpp-entreprise-1.png\",\"contentUrl\":\"https:\/\/merseta.lt\/wp-content\/uploads\/2023\/10\/20190517-123205-logo-cnpp-entreprise-1.png\"},{\"@type\":\"BreadcrumbList\",\"@id\":\"https:\/\/merseta.lt\/sertifikatai\/#breadcrumb\",\"itemListElement\":[{\"@type\":\"ListItem\",\"position\":1,\"name\":\"Principal\",\"item\":\"https:\/\/merseta.lt\/fr\/\"},{\"@type\":\"ListItem\",\"position\":2,\"name\":\"Certificats\"}]},{\"@type\":\"WebSite\",\"@id\":\"https:\/\/merseta.lt\/#website\",\"url\":\"https:\/\/merseta.lt\/\",\"name\":\"Merseta\",\"description\":\"Fabricant reconnu d&#039;\u00e9quipements d&#039;extinction et d&#039;extincteurs de qualit\u00e9.\",\"publisher\":{\"@id\":\"https:\/\/merseta.lt\/#organization\"},\"potentialAction\":[{\"@type\":\"SearchAction\",\"target\":{\"@type\":\"EntryPoint\",\"urlTemplate\":\"https:\/\/merseta.lt\/?s={search_term_string}\"},\"query-input\":{\"@type\":\"PropertyValueSpecification\",\"valueRequired\":true,\"valueName\":\"search_term_string\"}}],\"inLanguage\":\"fr-FR\"},{\"@type\":\"Organization\",\"@id\":\"https:\/\/merseta.lt\/#organization\",\"name\":\"Merseta\",\"url\":\"https:\/\/merseta.lt\/\",\"logo\":{\"@type\":\"ImageObject\",\"inLanguage\":\"fr-FR\",\"@id\":\"https:\/\/merseta.lt\/#\/schema\/logo\/image\/\",\"url\":\"https:\/\/merseta.lt\/wp-content\/uploads\/2023\/09\/logo-MAX-1.png\",\"contentUrl\":\"https:\/\/merseta.lt\/wp-content\/uploads\/2023\/09\/logo-MAX-1.png\",\"width\":285,\"height\":34,\"caption\":\"Merseta\"},\"image\":{\"@id\":\"https:\/\/merseta.lt\/#\/schema\/logo\/image\/\"}}]}<\/script>\n<!-- \/ Yoast SEO plugin. -->","yoast_head_json":{"title":"Certificats - Merseta","robots":{"index":"index","follow":"follow","max-snippet":"max-snippet:-1","max-image-preview":"max-image-preview:large","max-video-preview":"max-video-preview:-1"},"canonical":"https:\/\/merseta.lt\/sertifikatai\/","og_locale":"fr_FR","og_type":"article","og_title":"Certificats - Merseta","og_description":"Certificats d&rsquo;extincteurs CERTIFICATS SARL \u00abMerseta\u00bb est fabricant et fournisseur de mat\u00e9riel de lutte contre l&rsquo;incendie depuis 1993. Nous veillons \u00e0 ce que nos produits r\u00e9pondent aux normes europ\u00e9ennes et internationales les plus strictes. Gr\u00e2ce \u00e0 notre personnel qualifi\u00e9 et exp\u00e9riment\u00e9, nous nous effor\u00e7ons constamment d&rsquo;am\u00e9liorer la qualit\u00e9 de nos produits et de nos services. Nos [&hellip;]","og_url":"https:\/\/merseta.lt\/sertifikatai\/","og_site_name":"Merseta","article_modified_time":"2026-02-11T12:17:15+00:00","og_image":[{"width":124,"height":79,"url":"https:\/\/merseta.lt\/wp-content\/uploads\/2023\/10\/20190517-123205-logo-cnpp-entreprise-1.png","type":"image\/png"}],"twitter_card":"summary_large_image","twitter_misc":{"Dur\u00e9e de lecture estim\u00e9e":"2 minutes"},"schema":{"@context":"https:\/\/schema.org","@graph":[{"@type":"WebPage","@id":"https:\/\/merseta.lt\/sertifikatai\/","url":"https:\/\/merseta.lt\/sertifikatai\/","name":"Certificats - Merseta","isPartOf":{"@id":"https:\/\/merseta.lt\/#website"},"primaryImageOfPage":{"@id":"https:\/\/merseta.lt\/sertifikatai\/#primaryimage"},"image":{"@id":"https:\/\/merseta.lt\/sertifikatai\/#primaryimage"},"thumbnailUrl":"https:\/\/merseta.lt\/wp-content\/uploads\/2023\/10\/20190517-123205-logo-cnpp-entreprise-1.png","datePublished":"2023-12-19T08:20:41+00:00","dateModified":"2026-02-11T12:17:15+00:00","breadcrumb":{"@id":"https:\/\/merseta.lt\/sertifikatai\/#breadcrumb"},"inLanguage":"fr-FR","potentialAction":[{"@type":"ReadAction","target":["https:\/\/merseta.lt\/sertifikatai\/"]}]},{"@type":"ImageObject","inLanguage":"fr-FR","@id":"https:\/\/merseta.lt\/sertifikatai\/#primaryimage","url":"https:\/\/merseta.lt\/wp-content\/uploads\/2023\/10\/20190517-123205-logo-cnpp-entreprise-1.png","contentUrl":"https:\/\/merseta.lt\/wp-content\/uploads\/2023\/10\/20190517-123205-logo-cnpp-entreprise-1.png"},{"@type":"BreadcrumbList","@id":"https:\/\/merseta.lt\/sertifikatai\/#breadcrumb","itemListElement":[{"@type":"ListItem","position":1,"name":"Principal","item":"https:\/\/merseta.lt\/fr\/"},{"@type":"ListItem","position":2,"name":"Certificats"}]},{"@type":"WebSite","@id":"https:\/\/merseta.lt\/#website","url":"https:\/\/merseta.lt\/","name":"Merseta","description":"Fabricant reconnu d&#039;\u00e9quipements d&#039;extinction et d&#039;extincteurs de qualit\u00e9.","publisher":{"@id":"https:\/\/merseta.lt\/#organization"},"potentialAction":[{"@type":"SearchAction","target":{"@type":"EntryPoint","urlTemplate":"https:\/\/merseta.lt\/?s={search_term_string}"},"query-input":{"@type":"PropertyValueSpecification","valueRequired":true,"valueName":"search_term_string"}}],"inLanguage":"fr-FR"},{"@type":"Organization","@id":"https:\/\/merseta.lt\/#organization","name":"Merseta","url":"https:\/\/merseta.lt\/","logo":{"@type":"ImageObject","inLanguage":"fr-FR","@id":"https:\/\/merseta.lt\/#\/schema\/logo\/image\/","url":"https:\/\/merseta.lt\/wp-content\/uploads\/2023\/09\/logo-MAX-1.png","contentUrl":"https:\/\/merseta.lt\/wp-content\/uploads\/2023\/09\/logo-MAX-1.png","width":285,"height":34,"caption":"Merseta"},"image":{"@id":"https:\/\/merseta.lt\/#\/schema\/logo\/image\/"}}]}},"_links":{"self":[{"href":"https:\/\/merseta.lt\/fr\/wp-json\/wp\/v2\/pages\/8792","targetHints":{"allow":["GET"]}}],"collection":[{"href":"https:\/\/merseta.lt\/fr\/wp-json\/wp\/v2\/pages"}],"about":[{"href":"https:\/\/merseta.lt\/fr\/wp-json\/wp\/v2\/types\/page"}],"author":[{"embeddable":true,"href":"https:\/\/merseta.lt\/fr\/wp-json\/wp\/v2\/users\/1"}],"replies":[{"embeddable":true,"href":"https:\/\/merseta.lt\/fr\/wp-json\/wp\/v2\/comments?post=8792"}],"version-history":[{"count":3,"href":"https:\/\/merseta.lt\/fr\/wp-json\/wp\/v2\/pages\/8792\/revisions"}],"predecessor-version":[{"id":11150,"href":"https:\/\/merseta.lt\/fr\/wp-json\/wp\/v2\/pages\/8792\/revisions\/11150"}],"wp:attachment":[{"href":"https:\/\/merseta.lt\/fr\/wp-json\/wp\/v2\/media?parent=8792"}],"curies":[{"name":"wp","href":"https:\/\/api.w.org\/{rel}","templated":true}]}}