{"id":8831,"date":"2023-12-19T11:38:28","date_gmt":"2023-12-19T09:38:28","guid":{"rendered":"https:\/\/merseta.lt\/datenschutzerklaerung\/"},"modified":"2023-12-22T10:38:32","modified_gmt":"2023-12-22T08:38:32","slug":"datenschutzerklaerung","status":"publish","type":"page","link":"https:\/\/merseta.lt\/de\/datenschutzerklaerung\/","title":{"rendered":"Datenschutzerkl\u00e4rung"},"content":{"rendered":"\t\t<div data-elementor-type=\"wp-page\" data-elementor-id=\"8831\" class=\"elementor elementor-8831 elementor-3\" data-elementor-post-type=\"page\">\n\t\t\t\t<div class=\"elementor-element elementor-element-7c35ce7 e-flex e-con-boxed e-con e-parent\" data-id=\"7c35ce7\" data-element_type=\"container\">\n\t\t\t\t\t<div class=\"e-con-inner\">\n\t\t\t\t<div class=\"elementor-element elementor-element-51ea34e elementor-widget elementor-widget-breadcrumbs\" data-id=\"51ea34e\" data-element_type=\"widget\" data-widget_type=\"breadcrumbs.default\">\n\t\t\t\t<div class=\"elementor-widget-container\">\n\t\t\t\t\t<p id=\"breadcrumbs\"><span><span><a href=\"https:\/\/merseta.lt\/fr\/\">Hauptseite<\/a><\/span><\/span><\/p>\t\t\t\t<\/div>\n\t\t\t\t<\/div>\n\t\t\t\t\t<\/div>\n\t\t\t\t<\/div>\n\t\t<div class=\"elementor-element elementor-element-906f74c e-flex e-con-boxed e-con e-parent\" data-id=\"906f74c\" data-element_type=\"container\">\n\t\t\t\t\t<div class=\"e-con-inner\">\n\t\t\t\t\t<\/div>\n\t\t\t\t<\/div>\n\t\t<div class=\"elementor-element elementor-element-dbf68f4 privacy-policy e-flex e-con-boxed e-con e-parent\" data-id=\"dbf68f4\" data-element_type=\"container\">\n\t\t\t\t\t<div class=\"e-con-inner\">\n\t\t<div class=\"elementor-element elementor-element-8b9a95b e-con-full elementor-hidden-tablet elementor-hidden-mobile e-flex e-con e-child\" data-id=\"8b9a95b\" data-element_type=\"container\">\n\t\t\t\t<div class=\"elementor-element elementor-element-734e874 navigation elementor-widget elementor-widget-table-of-contents\" data-id=\"734e874\" data-element_type=\"widget\" data-settings=\"{&quot;headings_by_tags&quot;:[&quot;h3&quot;],&quot;exclude_headings_by_selector&quot;:[],&quot;marker_view&quot;:&quot;bullets&quot;,&quot;icon&quot;:{&quot;value&quot;:&quot;&quot;,&quot;library&quot;:&quot;&quot;},&quot;sticky&quot;:&quot;top&quot;,&quot;sticky_offset&quot;:103,&quot;no_headings_message&quot;:&quot;Es wurden keine \\u00dcberschriften auf dieser Seite gefunden.&quot;,&quot;hierarchical_view&quot;:&quot;yes&quot;,&quot;min_height&quot;:{&quot;unit&quot;:&quot;px&quot;,&quot;size&quot;:&quot;&quot;,&quot;sizes&quot;:[]},&quot;min_height_tablet&quot;:{&quot;unit&quot;:&quot;px&quot;,&quot;size&quot;:&quot;&quot;,&quot;sizes&quot;:[]},&quot;min_height_mobile&quot;:{&quot;unit&quot;:&quot;px&quot;,&quot;size&quot;:&quot;&quot;,&quot;sizes&quot;:[]},&quot;sticky_on&quot;:[&quot;desktop&quot;,&quot;tablet&quot;,&quot;mobile&quot;],&quot;sticky_effects_offset&quot;:0,&quot;sticky_anchor_link_offset&quot;:0}\" data-widget_type=\"table-of-contents.default\">\n\t\t\t\t<div class=\"elementor-widget-container\">\n\t\t\t\t\t\t\t\t\t<div class=\"elementor-toc__header\">\n\t\t\t\t\t\t<h4 class=\"elementor-toc__header-title\">\n\t\t\t\tBegriffe\t\t\t<\/h4>\n\t\t\t\t\t\t\t\t<\/div>\n\t\t\t\t<div id=\"elementor-toc__734e874\" class=\"elementor-toc__body\">\n\t\t\t<div class=\"elementor-toc__spinner-container\">\n\t\t\t\t<i class=\"elementor-toc__spinner eicon-animation-spin eicon-loading\" aria-hidden=\"true\"><\/i>\t\t\t<\/div>\n\t\t<\/div>\n\t\t\t\t\t\t<\/div>\n\t\t\t\t<\/div>\n\t\t\t\t<\/div>\n\t\t<div class=\"elementor-element elementor-element-2089b39 e-con-full privacy-content e-flex e-con e-child\" data-id=\"2089b39\" data-element_type=\"container\">\n\t\t<div class=\"elementor-element elementor-element-a408076 e-con-full e-flex e-con e-child\" data-id=\"a408076\" data-element_type=\"container\">\n\t\t\t\t<div class=\"elementor-element elementor-element-a71eaf6 elementor-widget elementor-widget-text-editor\" data-id=\"a71eaf6\" data-element_type=\"widget\" data-widget_type=\"text-editor.default\">\n\t\t\t\t<div class=\"elementor-widget-container\">\n\t\t\t\t\t\t\t\t\t<p>UAB \u201eMERSETA\u201c respektiert Ihre Privatsph\u00e4re und verpflichtet sich zu einer fairen und rechtm\u00e4\u00dfigen Behandlung und \u00dcberwachung der von Ihnen bereitgestellten Daten. Mit dieser Datenschutzerkl\u00e4rung informieren wir Sie \u00fcber die wichtigsten Grunds\u00e4tze der Verarbeitung personenbezogener Daten und die Umsetzung Ihrer Rechte. UAB \u201eMERSETA\u201c beh\u00e4lt sich das Recht diese Datenschutzerkl\u00e4rung nach eigenem Ermessen zu \u00e4ndern. Die aktualisierte Datenschutzerkl\u00e4rung tritt mit ihrer Ver\u00f6ffentlichung auf der Website in Kraft. Diese Datenschutzerkl\u00e4rung und Cookie-Richtlinie gilt in dem Fall, wenn Sie die Website von UAB \u201eMERSETA\u201c besuchen. Diese Datenschutzerkl\u00e4rung gilt nicht, wenn Sie die Websites anderer Unternehmen durchsuchen, indem Sie auf die Website der Dritten von UAB \u201eMERSETA\u201c zugreifen.<br \/>Wir erfassen die Daten der Besucher unserer Website in \u00dcbereinstimmung mit dem Gesetz zum rechtlichen Schutz personenbezogener Daten der Republik Litauen, dem Gesetz \u00fcber elektronische Kommunikation der Republik Litauen und den Gesetzen zum Schutz personenbezogener Daten der Europ\u00e4ischen Union, mit anderen damit zusammenh\u00e4ngende Rechtsakten und mit den Weisungen der Aufsichtsbeh\u00f6rden.<\/p>\n\t\t\t\t\t\t\t\t<\/div>\n\t\t\t\t<\/div>\n\t\t\t\t<\/div>\n\t\t<div class=\"elementor-element elementor-element-5a62013 e-con-full e-flex e-con e-child\" data-id=\"5a62013\" data-element_type=\"container\">\n\t\t\t\t<div class=\"elementor-element elementor-element-d9b8046 elementor-widget elementor-widget-heading\" data-id=\"d9b8046\" data-element_type=\"widget\" data-widget_type=\"heading.default\">\n\t\t\t\t<div class=\"elementor-widget-container\">\n\t\t\t\t\t<h3 class=\"elementor-heading-title elementor-size-default\">Datenerhebung<\/h3>\t\t\t\t<\/div>\n\t\t\t\t<\/div>\n\t\t\t\t<div class=\"elementor-element elementor-element-909d530 elementor-widget elementor-widget-text-editor\" data-id=\"909d530\" data-element_type=\"widget\" data-widget_type=\"text-editor.default\">\n\t\t\t\t<div class=\"elementor-widget-container\">\n\t\t\t\t\t\t\t\t\t<p>Wir verwenden Cookies, um Daten \u00fcber die Aktivit\u00e4t der Besucher beim Surfen auf unserer Website zu sammeln. Die Arten von Cookies und ihr Zweck sind in der folgenden Tabelle aufgef\u00fchrt.<\/p>\n<p>Wir sch\u00fctzen die gesammelten Daten \u00fcber die Besucher der Website der UAB \u201eMERSETA\u201c verantwortungsbewusst vor Verlust, unbefugter Nutzung und \u00c4nderung. Die Mitarbeiter von UAB \u201eMERSETA\u201c verpflichten sich schriftlich, die am Arbeitsplatz erhaltenen Informationen \u00fcber die Kunden des Unternehmens, einschlie\u00dflich der Besucher der Website von UAB \u201eMERSETA\u201c, nicht an Dritte weiterzugeben oder zu ver\u00f6ffentlichen.<\/p>\t\t\t\t\t\t\t\t<\/div>\n\t\t\t\t<\/div>\n\t\t\t\t<\/div>\n\t\t<div class=\"elementor-element elementor-element-11d3a27 e-con-full e-flex e-con e-child\" data-id=\"11d3a27\" data-element_type=\"container\">\n\t\t\t\t<div class=\"elementor-element elementor-element-3a11a7d elementor-widget elementor-widget-heading\" data-id=\"3a11a7d\" data-element_type=\"widget\" data-widget_type=\"heading.default\">\n\t\t\t\t<div class=\"elementor-widget-container\">\n\t\t\t\t\t<h3 class=\"elementor-heading-title elementor-size-default\">Verwendung von Cookies<\/h3>\t\t\t\t<\/div>\n\t\t\t\t<\/div>\n\t\t\t\t<div class=\"elementor-element elementor-element-5634680 elementor-widget elementor-widget-text-editor\" data-id=\"5634680\" data-element_type=\"widget\" data-widget_type=\"text-editor.default\">\n\t\t\t\t<div class=\"elementor-widget-container\">\n\t\t\t\t\t\t\t\t\t<p>Unser Ziel ist es f\u00fcr die Besucher der Website der UAB \u201eMERSETA\u201c sicherzustellen, dass die bereitgestellten Informationen und Funktionen der Website an die Bed\u00fcrfnisse des Besuchers angepasst sind. Dazu sind Cookies erforderlich. Das sind kleine Dateien, die in Ihrem Browser gespeichert werden. Sie helfen uns, Sie als fr\u00fcheren Besucher der Website von UAB \u201eMERSETA\u201c zu erkennen, den Verlauf Ihres Besuchs auf der Website zu speichern und den Inhalt entsprechend anzupassen. Cookies tragen auch zum reibungslosen Betrieb der Website bei, erm\u00f6glichen die \u00dcberwachung der Dauer und H\u00e4ufigkeit der Besuche auf der Website der UAB \u201eMERSETA\u201c und sammeln statistische Informationen \u00fcber die Anzahl der Besucher. Durch die Analyse dieser Daten k\u00f6nnen wir die Website verbessern und f\u00fcr Sie komfortabler machen. Wenn Sie die Website der UAB \u201eMERSETA\u201c besuchen, k\u00f6nnen Sie angeben, ob Sie der Verwendung von Cookies zustimmen. Wenn Sie mit der Speicherung von Cookies auf Ihrem Computer oder einem anderen Ger\u00e4t nicht einverstanden sind, k\u00f6nnen Sie Ihre Zustimmung zur Verwendung jederzeit widerrufen, indem Sie die Optionen \u00e4ndern und die gespeicherten Cookies l\u00f6schen.<\/p>\n\t\t\t\t\t\t\t\t<\/div>\n\t\t\t\t<\/div>\n\t\t\t\t<\/div>\n\t\t<div class=\"elementor-element elementor-element-ef1735e e-con-full e-flex e-con e-child\" data-id=\"ef1735e\" data-element_type=\"container\">\n\t\t\t\t<div class=\"elementor-element elementor-element-9152abc elementor-widget elementor-widget-heading\" data-id=\"9152abc\" data-element_type=\"widget\" data-widget_type=\"heading.default\">\n\t\t\t\t<div class=\"elementor-widget-container\">\n\t\t\t\t\t<h3 class=\"elementor-heading-title elementor-size-default\">Daten \u00fcber die verwendeten Cookies<\/h3>\t\t\t\t<\/div>\n\t\t\t\t<\/div>\n\t\t\t\t<div class=\"elementor-element elementor-element-487d8eb elementor-widget elementor-widget-text-editor\" data-id=\"487d8eb\" data-element_type=\"widget\" data-widget_type=\"text-editor.default\">\n\t\t\t\t<div class=\"elementor-widget-container\">\n\t\t\t\t\t\t\t\t\t<table>\n<tr>\n<th>Bezeichnung<\/th>\n<th>Beschreibung<\/th>\n<th>Erstellungszeitpunkt \/ G\u00fcltigkeit<\/th>\n<\/tr>\n<tr>\n<td>CMSSESSIDX<\/td>\n<td>Ein Standard-Cookie, das zur Aufrechterhaltung einer Benutzersitzung verwendet wird<\/td>\n<td>Zum Zeitpunkt des Betretens der Seite \/ Bis zum Schlie\u00dfen des Website-Fensters<\/td>\n<\/tr>\n<tr>\n<td>cookiesAgree<\/td>\n<td>Ein Cookie, um zu erkennen, ob Sie der Verwendung von Cookies auf unserer Website zugestimmt haben<\/td>\n<td>Mit Zustimmung \/ Bis zur L\u00f6schung<\/td>\n<\/tr>\n<tr>\n<td>cookiesLevelX<\/td>\n<td>Ein Cookie, das unterscheidet, welche Cookies Sie auf unserer Website zulassen<\/td>\n<td>Mit Zustimmung \/ Bis zur L\u00f6schung<\/td>\n<\/tr>\n<tr>\n<td>_ga<\/td>\n<td>Dieses Cookie wird vom Tool \u201eGoogle Analytics\u201c verwendet, um die Ziele des Besuchers auszuwerten und Berichte \u00fcber Website-Aktivit\u00e4ten f\u00fcr Website-Betreiber zu erstellen, damit diese das Kundenerlebnis beim Besuch der Website verbessern k\u00f6nnen<\/td>\n<td>Nach Vorlage der Zustimmung \/ 2 Jahre<\/td>\n<\/tr>\n<tr>\n<td>_gat<\/td>\n<td>Dieses Cookie wird von Google Analytics verwendet, um statistische Informationen \u00fcber den Website-Verkehr zu sammeln<\/td>\n<td>Beim ersten Zugriff auf die Seite \/ Bis zum Ende der Sitzung<\/td>\n<\/tr>\n<tr>\n<td>_gid<\/td>\n<td>Beim ersten Zugriff auf die Seite \/ Bis zum Ende der Sitzung<\/td>\n<td>Beim ersten Zugriff auf die Seite \/ 2 Tage<\/td>\n<\/tr>\n<\/table>\n<p>Mehr Information \u00fcber Cookies, z.B.: Verwaltung oder L\u00f6schen von Cookies, finden Sie unter http:\/\/www.allaboutcookies.org.<\/p>\n<p>Um zu erfahren, wie Sie die Verfolgung Ihrer Webseiten mit Google Analytics-Cookies stoppen k\u00f6nnen, besuchen Sie http:\/\/tools.google.com\/dlpage\/gaoptout.<\/p>\t\t\t\t\t\t\t\t<\/div>\n\t\t\t\t<\/div>\n\t\t\t\t<\/div>\n\t\t<div class=\"elementor-element elementor-element-55d3c17 e-con-full e-flex e-con e-child\" data-id=\"55d3c17\" data-element_type=\"container\">\n\t\t\t\t<div class=\"elementor-element elementor-element-9c5b9b4 elementor-widget elementor-widget-heading\" data-id=\"9c5b9b4\" data-element_type=\"widget\" data-widget_type=\"heading.default\">\n\t\t\t\t<div class=\"elementor-widget-container\">\n\t\t\t\t\t<h3 class=\"elementor-heading-title elementor-size-default\">Arten von Cookies<\/h3>\t\t\t\t<\/div>\n\t\t\t\t<\/div>\n\t\t\t\t<div class=\"elementor-element elementor-element-207048d elementor-widget elementor-widget-text-editor\" data-id=\"207048d\" data-element_type=\"widget\" data-widget_type=\"text-editor.default\">\n\t\t\t\t<div class=\"elementor-widget-container\">\n\t\t\t\t\t\t\t\t\t<p>Bei Cookies handelt es sich um Sitzungs- und dauerhafte Cookies sowie Erst- oder Drittanbieter-Cookies. Im Folgenden erl\u00e4utern wir die Bedeutung dieser Begriffe, damit Sie besser verstehen, welche Cookies und zu welchem Zweck verwendet werden<\/p>\n<p><strong>Sitzungscookies<\/strong><br>Sitzungscookies erm\u00f6glichen es, Sie w\u00e4hrend eines Besuchs auf unserer Website wiederzuerkennen, sodass alle Seiten\u00e4nderungen oder -optionen beim Surfen gespeichert werden. Mit diesen Cookies k\u00f6nnen Sie sich schnell und einfach durch die vielen Seiten der Website bewegen, sodass Sie die Informationen nicht jedes Mal erneut verarbeiten m\u00fcssen. Sitzungscookies sind tempor\u00e4r und werden gel\u00f6scht, sobald Sie Ihren Browser schlie\u00dfen oder sich von der Website abmelden.<\/p>\n<p><strong>Dauerhafte Cookies<\/strong><br>Dauerhafte Cookies sind Cookies, die f\u00fcr einen festgelegten Zeitraum nach dem Ende der Browsersitzung auf Ihrem Computer verbleiben, sodass sie bestimmte Benutzeroptionen oder -aktionen aufzeichnen k\u00f6nnen, wenn die Website erneut besucht wird.<\/p>\n<p><strong>Cookies von Erstanbietern<\/strong><br>Hierbei handelt es sich um Cookies, die f\u00fcr das ordnungsgem\u00e4\u00dfe Funktionieren der Website der UAB \u201eMERSETA\u201c erforderlich sind.<\/p>\n<p><strong>Cookies von Drittanbietern<\/strong><br>Hierbei handelt es sich um Cookies, die von anderen Organisationen \u00fcber unsere Website verwendet werden. Unsere Website der UAB \u201eMERSETA\u201c verwendet Google Analytics-Cookies, um den Website-Verkehr zu analysieren. Google Analytics sammelt anonym Informationen \u00fcber die Anzahl der Besucher, den Standort, von dem aus auf unsere Website zugegriffen wurde und welche Teile der Website von Besuchern besucht wurden. Diese Cookies werden f\u00fcr Google Analytics erstellt. Erfahren Sie mehr \u00fcber Google Analytics unter http:\/\/www.google.com\/analytics.<\/p>\n<p>Alle durch Cookies gesammelten Informationen werden bis zum Ablauf des Cookies gespeichert und nicht f\u00fcr andere als die in dieser Richtlinie genannten Zwecke verwendet<\/p>\n<p>Unsere Website enth\u00e4lt Links zu Websites anderer Personen, Unternehmen oder Organisationen. Bitte beachten Sie, dass UAB \u201eMERSETA\u201c nicht f\u00fcr den Inhalt solcher Websites oder die von ihnen verwendeten Datenschutzgrunds\u00e4tze verantwortlich ist. Wenn Sie daher auf einen Link von der Website der UAB \u201eMERSETA\u201c klicken, um auf andere Websites zuzugreifen, sollten Sie die Datenschutzerkl\u00e4rung der Dritten separat lesen.<\/p>\t\t\t\t\t\t\t\t<\/div>\n\t\t\t\t<\/div>\n\t\t\t\t<\/div>\n\t\t<div class=\"elementor-element elementor-element-b933a19 e-con-full e-flex e-con e-child\" data-id=\"b933a19\" data-element_type=\"container\">\n\t\t\t\t<div class=\"elementor-element elementor-element-767fc09 elementor-widget elementor-widget-heading\" data-id=\"767fc09\" data-element_type=\"widget\" data-widget_type=\"heading.default\">\n\t\t\t\t<div class=\"elementor-widget-container\">\n\t\t\t\t\t<h3 class=\"elementor-heading-title elementor-size-default\">Ihre Rechte<\/h3>\t\t\t\t<\/div>\n\t\t\t\t<\/div>\n\t\t\t\t<div class=\"elementor-element elementor-element-ea1ec1d elementor-widget elementor-widget-text-editor\" data-id=\"ea1ec1d\" data-element_type=\"widget\" data-widget_type=\"text-editor.default\">\n\t\t\t\t<div class=\"elementor-widget-container\">\n\t\t\t\t\t\t\t\t\t<p>Sie haben das Recht, auf Ihre Daten zuzugreifen, die wir mithilfe von Cookies verarbeiten. Sie haben au\u00dferdem das Recht, die Berichtigung unvollst\u00e4ndiger oder unrichtiger Daten zu verlangen.<\/p>\n<p>Wenn Sie Fragen haben oder Ihre Rechte aus\u00fcben m\u00f6chten, kontaktieren Sie uns bitte per E-Mail. per E-Mail an merseta@merseta.lt oder auf andere auf dieser Website angegebene Weise.<\/p>\t\t\t\t\t\t\t\t<\/div>\n\t\t\t\t<\/div>\n\t\t\t\t<\/div>\n\t\t\t\t<\/div>\n\t\t\t\t\t<\/div>\n\t\t\t\t<\/div>\n\t\t<div class=\"elementor-element elementor-element-4ee14d4 e-flex e-con-boxed e-con e-parent\" data-id=\"4ee14d4\" data-element_type=\"container\">\n\t\t\t\t\t<div class=\"e-con-inner\">\n\t\t\t\t<div class=\"elementor-element elementor-element-bf8b2c2 elementor-widget elementor-widget-html\" data-id=\"bf8b2c2\" data-element_type=\"widget\" data-widget_type=\"html.default\">\n\t\t\t\t<div class=\"elementor-widget-container\">\n\t\t\t\t\t<script>jQuery(document).ready(function(){\n        setTimeout(function(){\n            document.addEventListener('scroll', function(){\n                var difference = 99999999;\n\t\t\t    var nearestId = '';\n\t\t\t    var container = document.querySelector('.privacy-policy');\n\n                document.querySelectorAll('.privacy-policy .elementor-widget-heading .elementor-menu-anchor').forEach(function(heading){\n                    var newDif = heading.getBoundingClientRect().top;\n\t\t\t        if(newDif <difference && newDif> 0){\n\t\t\t    \t    difference = newDif;\n\t\t\t    \t    nearestId = heading.id;\n\t\t\t        }\n                });\n                document.querySelectorAll('.navigation li a').forEach(function(link){\n\t\t\t        if(link.classList.contains('active')){\n\t\t\t    \t    link.classList.remove('active');\n\t\t\t        }\n\t\t\t        if(link.getAttribute('href') == '#' + nearestId){\n\t\t\t    \t    link.classList.add('active');\n\t\t\t        }\n\t\t        });\n            });\n        }, 1000);\n    });\n<\/script>\t\t\t\t<\/div>\n\t\t\t\t<\/div>\n\t\t\t\t\t<\/div>\n\t\t\t\t<\/div>\n\t\t\t\t<\/div>\n\t\t","protected":false},"excerpt":{"rendered":"<p>Begriffe UAB \u201eMERSETA\u201c respektiert Ihre Privatsph\u00e4re und verpflichtet sich zu einer fairen und rechtm\u00e4\u00dfigen Behandlung und \u00dcberwachung der von Ihnen bereitgestellten Daten. Mit dieser Datenschutzerkl\u00e4rung informieren wir Sie \u00fcber die wichtigsten Grunds\u00e4tze der Verarbeitung personenbezogener Daten und die Umsetzung Ihrer Rechte. UAB \u201eMERSETA\u201c beh\u00e4lt sich das Recht diese Datenschutzerkl\u00e4rung nach eigenem Ermessen zu \u00e4ndern. Die [&hellip;]<\/p>\n","protected":false},"author":1,"featured_media":0,"parent":0,"menu_order":0,"comment_status":"closed","ping_status":"open","template":"","meta":{"_acf_changed":false,"footnotes":""},"class_list":["post-8831","page","type-page","status-publish","hentry"],"acf":[],"yoast_head":"<!-- This site is optimized with the Yoast SEO plugin v26.3 - https:\/\/yoast.com\/wordpress\/plugins\/seo\/ -->\n<title>Datenschutzerkl\u00e4rung - Merseta<\/title>\n<meta name=\"robots\" content=\"index, follow, max-snippet:-1, max-image-preview:large, max-video-preview:-1\" \/>\n<link rel=\"canonical\" href=\"https:\/\/merseta.lt\/de\/datenschutzerklaerung\/\" \/>\n<meta property=\"og:locale\" content=\"de_DE\" \/>\n<meta property=\"og:type\" content=\"article\" \/>\n<meta property=\"og:title\" content=\"Datenschutzerkl\u00e4rung - Merseta\" \/>\n<meta property=\"og:description\" content=\"Begriffe UAB \u201eMERSETA\u201c respektiert Ihre Privatsph\u00e4re und verpflichtet sich zu einer fairen und rechtm\u00e4\u00dfigen Behandlung und \u00dcberwachung der von Ihnen bereitgestellten Daten. Mit dieser Datenschutzerkl\u00e4rung informieren wir Sie \u00fcber die wichtigsten Grunds\u00e4tze der Verarbeitung personenbezogener Daten und die Umsetzung Ihrer Rechte. UAB \u201eMERSETA\u201c beh\u00e4lt sich das Recht diese Datenschutzerkl\u00e4rung nach eigenem Ermessen zu \u00e4ndern. Die [&hellip;]\" \/>\n<meta property=\"og:url\" content=\"https:\/\/merseta.lt\/de\/datenschutzerklaerung\/\" \/>\n<meta property=\"og:site_name\" content=\"Merseta\" \/>\n<meta property=\"article:modified_time\" content=\"2023-12-22T08:38:32+00:00\" \/>\n<meta name=\"twitter:card\" content=\"summary_large_image\" \/>\n<meta name=\"twitter:label1\" content=\"Gesch\u00e4tzte Lesezeit\" \/>\n\t<meta name=\"twitter:data1\" content=\"5\u00a0Minuten\" \/>\n<script type=\"application\/ld+json\" class=\"yoast-schema-graph\">{\"@context\":\"https:\/\/schema.org\",\"@graph\":[{\"@type\":\"WebPage\",\"@id\":\"https:\/\/merseta.lt\/de\/datenschutzerklaerung\/\",\"url\":\"https:\/\/merseta.lt\/de\/datenschutzerklaerung\/\",\"name\":\"Datenschutzerkl\u00e4rung - Merseta\",\"isPartOf\":{\"@id\":\"https:\/\/merseta.lt\/#website\"},\"datePublished\":\"2023-12-19T09:38:28+00:00\",\"dateModified\":\"2023-12-22T08:38:32+00:00\",\"breadcrumb\":{\"@id\":\"https:\/\/merseta.lt\/de\/datenschutzerklaerung\/#breadcrumb\"},\"inLanguage\":\"de\",\"potentialAction\":[{\"@type\":\"ReadAction\",\"target\":[\"https:\/\/merseta.lt\/de\/datenschutzerklaerung\/\"]}]},{\"@type\":\"BreadcrumbList\",\"@id\":\"https:\/\/merseta.lt\/de\/datenschutzerklaerung\/#breadcrumb\",\"itemListElement\":[{\"@type\":\"ListItem\",\"position\":1,\"name\":\"Hauptseite\",\"item\":\"https:\/\/merseta.lt\/fr\/\"},{\"@type\":\"ListItem\",\"position\":2,\"name\":\"Datenschutzerkl\u00e4rung\"}]},{\"@type\":\"WebSite\",\"@id\":\"https:\/\/merseta.lt\/#website\",\"url\":\"https:\/\/merseta.lt\/\",\"name\":\"Merseta\",\"description\":\"Anerkannter Hersteller von hochwertigen L\u00f6schmitteln und Feuerl\u00f6schern\",\"publisher\":{\"@id\":\"https:\/\/merseta.lt\/#organization\"},\"potentialAction\":[{\"@type\":\"SearchAction\",\"target\":{\"@type\":\"EntryPoint\",\"urlTemplate\":\"https:\/\/merseta.lt\/?s={search_term_string}\"},\"query-input\":{\"@type\":\"PropertyValueSpecification\",\"valueRequired\":true,\"valueName\":\"search_term_string\"}}],\"inLanguage\":\"de\"},{\"@type\":\"Organization\",\"@id\":\"https:\/\/merseta.lt\/#organization\",\"name\":\"Merseta\",\"url\":\"https:\/\/merseta.lt\/\",\"logo\":{\"@type\":\"ImageObject\",\"inLanguage\":\"de\",\"@id\":\"https:\/\/merseta.lt\/#\/schema\/logo\/image\/\",\"url\":\"https:\/\/merseta.lt\/wp-content\/uploads\/2023\/09\/logo-MAX-1.png\",\"contentUrl\":\"https:\/\/merseta.lt\/wp-content\/uploads\/2023\/09\/logo-MAX-1.png\",\"width\":285,\"height\":34,\"caption\":\"Merseta\"},\"image\":{\"@id\":\"https:\/\/merseta.lt\/#\/schema\/logo\/image\/\"}}]}<\/script>\n<!-- \/ Yoast SEO plugin. -->","yoast_head_json":{"title":"Datenschutzerkl\u00e4rung - Merseta","robots":{"index":"index","follow":"follow","max-snippet":"max-snippet:-1","max-image-preview":"max-image-preview:large","max-video-preview":"max-video-preview:-1"},"canonical":"https:\/\/merseta.lt\/de\/datenschutzerklaerung\/","og_locale":"de_DE","og_type":"article","og_title":"Datenschutzerkl\u00e4rung - Merseta","og_description":"Begriffe UAB \u201eMERSETA\u201c respektiert Ihre Privatsph\u00e4re und verpflichtet sich zu einer fairen und rechtm\u00e4\u00dfigen Behandlung und \u00dcberwachung der von Ihnen bereitgestellten Daten. Mit dieser Datenschutzerkl\u00e4rung informieren wir Sie \u00fcber die wichtigsten Grunds\u00e4tze der Verarbeitung personenbezogener Daten und die Umsetzung Ihrer Rechte. UAB \u201eMERSETA\u201c beh\u00e4lt sich das Recht diese Datenschutzerkl\u00e4rung nach eigenem Ermessen zu \u00e4ndern. Die [&hellip;]","og_url":"https:\/\/merseta.lt\/de\/datenschutzerklaerung\/","og_site_name":"Merseta","article_modified_time":"2023-12-22T08:38:32+00:00","twitter_card":"summary_large_image","twitter_misc":{"Gesch\u00e4tzte Lesezeit":"5\u00a0Minuten"},"schema":{"@context":"https:\/\/schema.org","@graph":[{"@type":"WebPage","@id":"https:\/\/merseta.lt\/de\/datenschutzerklaerung\/","url":"https:\/\/merseta.lt\/de\/datenschutzerklaerung\/","name":"Datenschutzerkl\u00e4rung - Merseta","isPartOf":{"@id":"https:\/\/merseta.lt\/#website"},"datePublished":"2023-12-19T09:38:28+00:00","dateModified":"2023-12-22T08:38:32+00:00","breadcrumb":{"@id":"https:\/\/merseta.lt\/de\/datenschutzerklaerung\/#breadcrumb"},"inLanguage":"de","potentialAction":[{"@type":"ReadAction","target":["https:\/\/merseta.lt\/de\/datenschutzerklaerung\/"]}]},{"@type":"BreadcrumbList","@id":"https:\/\/merseta.lt\/de\/datenschutzerklaerung\/#breadcrumb","itemListElement":[{"@type":"ListItem","position":1,"name":"Hauptseite","item":"https:\/\/merseta.lt\/fr\/"},{"@type":"ListItem","position":2,"name":"Datenschutzerkl\u00e4rung"}]},{"@type":"WebSite","@id":"https:\/\/merseta.lt\/#website","url":"https:\/\/merseta.lt\/","name":"Merseta","description":"Anerkannter Hersteller von hochwertigen L\u00f6schmitteln und Feuerl\u00f6schern","publisher":{"@id":"https:\/\/merseta.lt\/#organization"},"potentialAction":[{"@type":"SearchAction","target":{"@type":"EntryPoint","urlTemplate":"https:\/\/merseta.lt\/?s={search_term_string}"},"query-input":{"@type":"PropertyValueSpecification","valueRequired":true,"valueName":"search_term_string"}}],"inLanguage":"de"},{"@type":"Organization","@id":"https:\/\/merseta.lt\/#organization","name":"Merseta","url":"https:\/\/merseta.lt\/","logo":{"@type":"ImageObject","inLanguage":"de","@id":"https:\/\/merseta.lt\/#\/schema\/logo\/image\/","url":"https:\/\/merseta.lt\/wp-content\/uploads\/2023\/09\/logo-MAX-1.png","contentUrl":"https:\/\/merseta.lt\/wp-content\/uploads\/2023\/09\/logo-MAX-1.png","width":285,"height":34,"caption":"Merseta"},"image":{"@id":"https:\/\/merseta.lt\/#\/schema\/logo\/image\/"}}]}},"_links":{"self":[{"href":"https:\/\/merseta.lt\/de\/wp-json\/wp\/v2\/pages\/8831","targetHints":{"allow":["GET"]}}],"collection":[{"href":"https:\/\/merseta.lt\/de\/wp-json\/wp\/v2\/pages"}],"about":[{"href":"https:\/\/merseta.lt\/de\/wp-json\/wp\/v2\/types\/page"}],"author":[{"embeddable":true,"href":"https:\/\/merseta.lt\/de\/wp-json\/wp\/v2\/users\/1"}],"replies":[{"embeddable":true,"href":"https:\/\/merseta.lt\/de\/wp-json\/wp\/v2\/comments?post=8831"}],"version-history":[{"count":3,"href":"https:\/\/merseta.lt\/de\/wp-json\/wp\/v2\/pages\/8831\/revisions"}],"predecessor-version":[{"id":10141,"href":"https:\/\/merseta.lt\/de\/wp-json\/wp\/v2\/pages\/8831\/revisions\/10141"}],"wp:attachment":[{"href":"https:\/\/merseta.lt\/de\/wp-json\/wp\/v2\/media?parent=8831"}],"curies":[{"name":"wp","href":"https:\/\/api.w.org\/{rel}","templated":true}]}}