{"id":8790,"date":"2023-12-19T10:19:23","date_gmt":"2023-12-19T08:19:23","guid":{"rendered":"https:\/\/merseta.lt\/zertifikate\/"},"modified":"2026-02-11T14:16:20","modified_gmt":"2026-02-11T12:16:20","slug":"zertifikate","status":"publish","type":"page","link":"https:\/\/merseta.lt\/de\/zertifikate\/","title":{"rendered":"Zertifikate"},"content":{"rendered":"\t\t<div data-elementor-type=\"wp-page\" data-elementor-id=\"8790\" class=\"elementor elementor-8790 elementor-28\" data-elementor-post-type=\"page\">\n\t\t\t\t<div class=\"elementor-element elementor-element-ee838a7 e-flex e-con-boxed e-con e-parent\" data-id=\"ee838a7\" data-element_type=\"container\">\n\t\t\t\t\t<div class=\"e-con-inner\">\n\t\t\t\t<div class=\"elementor-element elementor-element-3ac6004 elementor-widget elementor-widget-breadcrumbs\" data-id=\"3ac6004\" data-element_type=\"widget\" data-widget_type=\"breadcrumbs.default\">\n\t\t\t\t<div class=\"elementor-widget-container\">\n\t\t\t\t\t<p id=\"breadcrumbs\"><span><span><a href=\"https:\/\/merseta.lt\/fr\/\">Hauptseite<\/a><\/span><\/span><\/p>\t\t\t\t<\/div>\n\t\t\t\t<\/div>\n\t\t\t\t\t<\/div>\n\t\t\t\t<\/div>\n\t\t<div class=\"elementor-element elementor-element-f14044d e-flex e-con-boxed e-con e-parent\" data-id=\"f14044d\" data-element_type=\"container\">\n\t\t\t\t\t<div class=\"e-con-inner\">\n\t\t\t\t<div class=\"elementor-element elementor-element-182a0ff watermark-effect elementor-widget elementor-widget-heading\" data-id=\"182a0ff\" data-element_type=\"widget\" data-widget_type=\"heading.default\">\n\t\t\t\t<div class=\"elementor-widget-container\">\n\t\t\t\t\t<h2 class=\"elementor-heading-title elementor-size-default\">Zertifikate f\u00fcr Feuerl\u00f6scher<\/h2>\t\t\t\t<\/div>\n\t\t\t\t<\/div>\n\t\t\t\t<div class=\"elementor-element elementor-element-47c2423 elementor-widget__width-auto section-title indent elementor-widget elementor-widget-heading\" data-id=\"47c2423\" data-element_type=\"widget\" data-widget_type=\"heading.default\">\n\t\t\t\t<div class=\"elementor-widget-container\">\n\t\t\t\t\t<h2 class=\"elementor-heading-title elementor-size-default\">ZERTIFIKATE<\/h2>\t\t\t\t<\/div>\n\t\t\t\t<\/div>\n\t\t\t\t<div class=\"elementor-element elementor-element-522fcff elementor-widget__width-initial animated-slow elementor-invisible elementor-widget elementor-widget-text-editor\" data-id=\"522fcff\" data-element_type=\"widget\" data-settings=\"{&quot;_animation&quot;:&quot;fadeIn&quot;,&quot;_animation_mobile&quot;:&quot;none&quot;}\" data-widget_type=\"text-editor.default\">\n\t\t\t\t<div class=\"elementor-widget-container\">\n\t\t\t\t\t\t\t\t\t<p>UAB \u201eMerseta\u201c ist seit 1993 Hersteller und Lieferant von Brandschutzausr\u00fcstung.<\/p>\n<p>Unser Ziel ist es, dass unsere Produkte den h\u00f6chsten europ\u00e4ischen und internationalen Standards entsprechen. Dank eines qualifizierten Teams mit langj\u00e4hriger Berufserfahrung sind wir st\u00e4ndig bestrebt, die Qualit\u00e4t unserer Produkte und Dienstleistungen zu verbessern. Unsere Produkte werden von akkreditierten Zertifizierungsstellen getestet, was zur Verbesserung der Produktion beitr\u00e4gt.<\/p>\n\t\t\t\t\t\t\t\t<\/div>\n\t\t\t\t<\/div>\n\t\t\t\t\t<\/div>\n\t\t\t\t<\/div>\n\t\t<div class=\"elementor-element elementor-element-0940e57 sertificate-list e-flex e-con-boxed e-con e-parent\" data-id=\"0940e57\" data-element_type=\"container\">\n\t\t\t\t\t<div class=\"e-con-inner\">\n\t\t<div class=\"elementor-element elementor-element-8c5f5c8 e-con-full sertificate-block card-hover-scalling animated-slow e-flex elementor-invisible e-con e-child\" data-id=\"8c5f5c8\" data-element_type=\"container\" data-settings=\"{&quot;animation&quot;:&quot;fadeIn&quot;,&quot;animation_mobile&quot;:&quot;none&quot;,&quot;animation_delay&quot;:500}\">\n\t\t\t\t<div class=\"elementor-element elementor-element-97dabf6 elementor-widget elementor-widget-image\" data-id=\"97dabf6\" data-element_type=\"widget\" data-widget_type=\"image.default\">\n\t\t\t\t<div class=\"elementor-widget-container\">\n\t\t\t\t\t\t\t\t\t\t\t\t\t\t\t\t<a href=\"https:\/\/merseta.lt\/de\/cnpp\/\" target=\"_blank\">\n\t\t\t\t\t\t\t<img decoding=\"async\" width=\"124\" height=\"79\" src=\"https:\/\/merseta.lt\/wp-content\/uploads\/2023\/10\/20190517-123205-logo-cnpp-entreprise-1.png\" class=\"attachment-medium size-medium wp-image-7678\" alt=\"\" \/>\t\t\t\t\t\t\t\t<\/a>\n\t\t\t\t\t\t\t\t\t\t\t\t\t\t\t<\/div>\n\t\t\t\t<\/div>\n\t\t\t\t<div class=\"elementor-element elementor-element-cc451ef sertificate-name elementor-widget elementor-widget-heading\" data-id=\"cc451ef\" data-element_type=\"widget\" data-widget_type=\"heading.default\">\n\t\t\t\t<div class=\"elementor-widget-container\">\n\t\t\t\t\t<h2 class=\"elementor-heading-title elementor-size-default\"><a href=\"https:\/\/merseta.lt\/de\/cnpp\/\" target=\"_blank\">CNPP-Zulassung gem\u00e4\u00df NFS 61804 (franz\u00f6sischer Standard)<\/a><\/h2>\t\t\t\t<\/div>\n\t\t\t\t<\/div>\n\t\t\t\t<\/div>\n\t\t<div class=\"elementor-element elementor-element-5e5ec05 e-con-full sertificate-block card-hover-scalling animated-slow e-flex elementor-invisible e-con e-child\" data-id=\"5e5ec05\" data-element_type=\"container\" data-settings=\"{&quot;animation&quot;:&quot;fadeIn&quot;,&quot;animation_mobile&quot;:&quot;none&quot;,&quot;animation_delay&quot;:750}\">\n\t\t\t\t<div class=\"elementor-element elementor-element-23bca98 elementor-widget elementor-widget-image\" data-id=\"23bca98\" data-element_type=\"widget\" data-widget_type=\"image.default\">\n\t\t\t\t<div class=\"elementor-widget-container\">\n\t\t\t\t\t\t\t\t\t\t\t\t\t\t\t\t<a href=\"https:\/\/merseta.lt\/de\/gs-merseta-2017-gs-1180\/\" target=\"_blank\">\n\t\t\t\t\t\t\t<img decoding=\"async\" width=\"183\" height=\"79\" src=\"https:\/\/merseta.lt\/wp-content\/uploads\/2023\/10\/OIP-1-2.png\" class=\"attachment-medium size-medium wp-image-7670\" alt=\"\" \/>\t\t\t\t\t\t\t\t<\/a>\n\t\t\t\t\t\t\t\t\t\t\t\t\t\t\t<\/div>\n\t\t\t\t<\/div>\n\t\t\t\t<div class=\"elementor-element elementor-element-a0f7a0c sertificate-name elementor-widget elementor-widget-heading\" data-id=\"a0f7a0c\" data-element_type=\"widget\" data-widget_type=\"heading.default\">\n\t\t\t\t<div class=\"elementor-widget-container\">\n\t\t\t\t\t<h2 class=\"elementor-heading-title elementor-size-default\"><a href=\"https:\/\/merseta.lt\/de\/gs-merseta-2017-gs-1180\/\" target=\"_blank\">GS-Zertifikat der MPA Dresden<\/a><\/h2>\t\t\t\t<\/div>\n\t\t\t\t<\/div>\n\t\t\t\t<\/div>\n\t\t<div class=\"elementor-element elementor-element-4e5f5f9 e-con-full sertificate-block card-hover-scalling animated-slow e-flex elementor-invisible e-con e-child\" data-id=\"4e5f5f9\" data-element_type=\"container\" data-settings=\"{&quot;animation&quot;:&quot;fadeIn&quot;,&quot;animation_mobile&quot;:&quot;none&quot;,&quot;animation_delay&quot;:1000}\">\n\t\t\t\t<div class=\"elementor-element elementor-element-9220744 elementor-widget elementor-widget-image\" data-id=\"9220744\" data-element_type=\"widget\" data-widget_type=\"image.default\">\n\t\t\t\t<div class=\"elementor-widget-container\">\n\t\t\t\t\t\t\t\t\t\t\t\t\t\t\t\t<a href=\"https:\/\/merseta.lt\/de\/gtc100870-25-kg_removed_page-0001\/\" target=\"_blank\">\n\t\t\t\t\t\t\t<img decoding=\"async\" width=\"89\" height=\"78\" src=\"https:\/\/merseta.lt\/wp-content\/uploads\/2023\/10\/TUVlogo_noclaim_vertical_P300_vec-1024x906-1.png\" class=\"attachment-medium size-medium wp-image-7674\" alt=\"\" \/>\t\t\t\t\t\t\t\t<\/a>\n\t\t\t\t\t\t\t\t\t\t\t\t\t\t\t<\/div>\n\t\t\t\t<\/div>\n\t\t\t\t<div class=\"elementor-element elementor-element-0de21f7 sertificate-name elementor-widget elementor-widget-heading\" data-id=\"0de21f7\" data-element_type=\"widget\" data-widget_type=\"heading.default\">\n\t\t\t\t<div class=\"elementor-widget-container\">\n\t\t\t\t\t<h2 class=\"elementor-heading-title elementor-size-default\"><a href=\"https:\/\/merseta.lt\/de\/gtc100870-25-kg_removed_page-0001\/\" target=\"_blank\">GTC-ZERTIFIKAT f\u00fcr Pulverl\u00f6scher 25KG, ausgestellt vom Zentrum f\u00fcr Branduntersuchungen Litauen<\/a><\/h2>\t\t\t\t<\/div>\n\t\t\t\t<\/div>\n\t\t\t\t<\/div>\n\t\t<div class=\"elementor-element elementor-element-3de0abd e-con-full sertificate-block card-hover-scalling animated-slow e-flex elementor-invisible e-con e-child\" data-id=\"3de0abd\" data-element_type=\"container\" data-settings=\"{&quot;animation&quot;:&quot;fadeIn&quot;,&quot;animation_mobile&quot;:&quot;none&quot;,&quot;animation_delay&quot;:1250}\">\n\t\t\t\t<div class=\"elementor-element elementor-element-28ad416 elementor-widget elementor-widget-image\" data-id=\"28ad416\" data-element_type=\"widget\" data-widget_type=\"image.default\">\n\t\t\t\t<div class=\"elementor-widget-container\">\n\t\t\t\t\t\t\t\t\t\t\t\t\t\t\t\t<a href=\"https:\/\/merseta.lt\/de\/gtc100799-sertifikatas\/\" target=\"_blank\">\n\t\t\t\t\t\t\t<img decoding=\"async\" width=\"89\" height=\"78\" src=\"https:\/\/merseta.lt\/wp-content\/uploads\/2023\/10\/TUVlogo_noclaim_vertical_P300_vec-1024x906-1.png\" class=\"attachment-medium size-medium wp-image-7674\" alt=\"\" \/>\t\t\t\t\t\t\t\t<\/a>\n\t\t\t\t\t\t\t\t\t\t\t\t\t\t\t<\/div>\n\t\t\t\t<\/div>\n\t\t\t\t<div class=\"elementor-element elementor-element-fa0fdcd sertificate-name elementor-widget elementor-widget-heading\" data-id=\"fa0fdcd\" data-element_type=\"widget\" data-widget_type=\"heading.default\">\n\t\t\t\t<div class=\"elementor-widget-container\">\n\t\t\t\t\t<h2 class=\"elementor-heading-title elementor-size-default\"><a href=\"https:\/\/merseta.lt\/de\/gtc100799-sertifikatas\/\" target=\"_blank\">GTC-ZERTIFIKAT f\u00fcr Pulverl\u00f6scher 6 kg, Wasserschauml\u00f6scher 6 l, 9 l und Kohlens\u00e4urel\u00f6scher 5 kg, ausgestellt vom Zentrum f\u00fcr Branduntersuchungen Litauen<\/a><\/h2>\t\t\t\t<\/div>\n\t\t\t\t<\/div>\n\t\t\t\t<\/div>\n\t\t<div class=\"elementor-element elementor-element-6b208a5 e-con-full sertificate-block card-hover-scalling animated-slow e-flex elementor-invisible e-con e-child\" data-id=\"6b208a5\" data-element_type=\"container\" data-settings=\"{&quot;animation&quot;:&quot;fadeIn&quot;,&quot;animation_mobile&quot;:&quot;none&quot;,&quot;animation_delay&quot;:1500}\">\n\t\t\t\t<div class=\"elementor-element elementor-element-6dcfad0 elementor-widget elementor-widget-image\" data-id=\"6dcfad0\" data-element_type=\"widget\" data-widget_type=\"image.default\">\n\t\t\t\t<div class=\"elementor-widget-container\">\n\t\t\t\t\t\t\t\t\t\t\t\t\t\t\t\t<a href=\"https:\/\/merseta.lt\/de\/gtc100858-1-kg-2-kg-4-kg_removed_page-0001\/\" target=\"_blank\">\n\t\t\t\t\t\t\t<img decoding=\"async\" width=\"89\" height=\"78\" src=\"https:\/\/merseta.lt\/wp-content\/uploads\/2023\/10\/TUVlogo_noclaim_vertical_P300_vec-1024x906-1.png\" class=\"attachment-medium size-medium wp-image-7674\" alt=\"\" \/>\t\t\t\t\t\t\t\t<\/a>\n\t\t\t\t\t\t\t\t\t\t\t\t\t\t\t<\/div>\n\t\t\t\t<\/div>\n\t\t\t\t<div class=\"elementor-element elementor-element-2dc892e sertificate-name elementor-widget elementor-widget-heading\" data-id=\"2dc892e\" data-element_type=\"widget\" data-widget_type=\"heading.default\">\n\t\t\t\t<div class=\"elementor-widget-container\">\n\t\t\t\t\t<h2 class=\"elementor-heading-title elementor-size-default\"><a href=\"https:\/\/merseta.lt\/de\/gtc100858-1-kg-2-kg-4-kg_removed_page-0001\/\" target=\"_blank\">GTC-ZERTIFIKAT f\u00fcr Pulverl\u00f6scher 1KG, 2KG und 4KG, ausgestellt vom Zentrum f\u00fcr Branduntersuchungen Litauen<\/a><\/h2>\t\t\t\t<\/div>\n\t\t\t\t<\/div>\n\t\t\t\t<\/div>\n\t\t\t\t\t<\/div>\n\t\t\t\t<\/div>\n\t\t\t\t<\/div>\n\t\t","protected":false},"excerpt":{"rendered":"<p>Zertifikate f\u00fcr Feuerl\u00f6scher ZERTIFIKATE UAB \u201eMerseta\u201c ist seit 1993 Hersteller und Lieferant von Brandschutzausr\u00fcstung. Unser Ziel ist es, dass unsere Produkte den h\u00f6chsten europ\u00e4ischen und internationalen Standards entsprechen. Dank eines qualifizierten Teams mit langj\u00e4hriger Berufserfahrung sind wir st\u00e4ndig bestrebt, die Qualit\u00e4t unserer Produkte und Dienstleistungen zu verbessern. Unsere Produkte werden von akkreditierten Zertifizierungsstellen getestet, was [&hellip;]<\/p>\n","protected":false},"author":1,"featured_media":0,"parent":0,"menu_order":0,"comment_status":"closed","ping_status":"closed","template":"","meta":{"_acf_changed":false,"footnotes":""},"class_list":["post-8790","page","type-page","status-publish","hentry"],"acf":[],"yoast_head":"<!-- This site is optimized with the Yoast SEO plugin v26.3 - https:\/\/yoast.com\/wordpress\/plugins\/seo\/ -->\n<title>Zertifikate - Merseta<\/title>\n<meta name=\"robots\" content=\"index, follow, max-snippet:-1, max-image-preview:large, max-video-preview:-1\" \/>\n<link rel=\"canonical\" href=\"https:\/\/merseta.lt\/sertifikatai\/\" \/>\n<meta property=\"og:locale\" content=\"de_DE\" \/>\n<meta property=\"og:type\" content=\"article\" \/>\n<meta property=\"og:title\" content=\"Zertifikate - Merseta\" \/>\n<meta property=\"og:description\" content=\"Zertifikate f\u00fcr Feuerl\u00f6scher ZERTIFIKATE UAB \u201eMerseta\u201c ist seit 1993 Hersteller und Lieferant von Brandschutzausr\u00fcstung. Unser Ziel ist es, dass unsere Produkte den h\u00f6chsten europ\u00e4ischen und internationalen Standards entsprechen. Dank eines qualifizierten Teams mit langj\u00e4hriger Berufserfahrung sind wir st\u00e4ndig bestrebt, die Qualit\u00e4t unserer Produkte und Dienstleistungen zu verbessern. Unsere Produkte werden von akkreditierten Zertifizierungsstellen getestet, was [&hellip;]\" \/>\n<meta property=\"og:url\" content=\"https:\/\/merseta.lt\/sertifikatai\/\" \/>\n<meta property=\"og:site_name\" content=\"Merseta\" \/>\n<meta property=\"article:modified_time\" content=\"2026-02-11T12:16:20+00:00\" \/>\n<meta property=\"og:image\" content=\"https:\/\/merseta.lt\/wp-content\/uploads\/2023\/10\/20190517-123205-logo-cnpp-entreprise-1.png\" \/>\n\t<meta property=\"og:image:width\" content=\"124\" \/>\n\t<meta property=\"og:image:height\" content=\"79\" \/>\n\t<meta property=\"og:image:type\" content=\"image\/png\" \/>\n<meta name=\"twitter:card\" content=\"summary_large_image\" \/>\n<meta name=\"twitter:label1\" content=\"Gesch\u00e4tzte Lesezeit\" \/>\n\t<meta name=\"twitter:data1\" content=\"2\u00a0Minuten\" \/>\n<script type=\"application\/ld+json\" class=\"yoast-schema-graph\">{\"@context\":\"https:\/\/schema.org\",\"@graph\":[{\"@type\":\"WebPage\",\"@id\":\"https:\/\/merseta.lt\/sertifikatai\/\",\"url\":\"https:\/\/merseta.lt\/sertifikatai\/\",\"name\":\"Zertifikate - Merseta\",\"isPartOf\":{\"@id\":\"https:\/\/merseta.lt\/#website\"},\"primaryImageOfPage\":{\"@id\":\"https:\/\/merseta.lt\/sertifikatai\/#primaryimage\"},\"image\":{\"@id\":\"https:\/\/merseta.lt\/sertifikatai\/#primaryimage\"},\"thumbnailUrl\":\"https:\/\/merseta.lt\/wp-content\/uploads\/2023\/10\/20190517-123205-logo-cnpp-entreprise-1.png\",\"datePublished\":\"2023-12-19T08:19:23+00:00\",\"dateModified\":\"2026-02-11T12:16:20+00:00\",\"breadcrumb\":{\"@id\":\"https:\/\/merseta.lt\/sertifikatai\/#breadcrumb\"},\"inLanguage\":\"de\",\"potentialAction\":[{\"@type\":\"ReadAction\",\"target\":[\"https:\/\/merseta.lt\/sertifikatai\/\"]}]},{\"@type\":\"ImageObject\",\"inLanguage\":\"de\",\"@id\":\"https:\/\/merseta.lt\/sertifikatai\/#primaryimage\",\"url\":\"https:\/\/merseta.lt\/wp-content\/uploads\/2023\/10\/20190517-123205-logo-cnpp-entreprise-1.png\",\"contentUrl\":\"https:\/\/merseta.lt\/wp-content\/uploads\/2023\/10\/20190517-123205-logo-cnpp-entreprise-1.png\"},{\"@type\":\"BreadcrumbList\",\"@id\":\"https:\/\/merseta.lt\/sertifikatai\/#breadcrumb\",\"itemListElement\":[{\"@type\":\"ListItem\",\"position\":1,\"name\":\"Hauptseite\",\"item\":\"https:\/\/merseta.lt\/fr\/\"},{\"@type\":\"ListItem\",\"position\":2,\"name\":\"Zertifikate\"}]},{\"@type\":\"WebSite\",\"@id\":\"https:\/\/merseta.lt\/#website\",\"url\":\"https:\/\/merseta.lt\/\",\"name\":\"Merseta\",\"description\":\"Anerkannter Hersteller von hochwertigen L\u00f6schmitteln und Feuerl\u00f6schern\",\"publisher\":{\"@id\":\"https:\/\/merseta.lt\/#organization\"},\"potentialAction\":[{\"@type\":\"SearchAction\",\"target\":{\"@type\":\"EntryPoint\",\"urlTemplate\":\"https:\/\/merseta.lt\/?s={search_term_string}\"},\"query-input\":{\"@type\":\"PropertyValueSpecification\",\"valueRequired\":true,\"valueName\":\"search_term_string\"}}],\"inLanguage\":\"de\"},{\"@type\":\"Organization\",\"@id\":\"https:\/\/merseta.lt\/#organization\",\"name\":\"Merseta\",\"url\":\"https:\/\/merseta.lt\/\",\"logo\":{\"@type\":\"ImageObject\",\"inLanguage\":\"de\",\"@id\":\"https:\/\/merseta.lt\/#\/schema\/logo\/image\/\",\"url\":\"https:\/\/merseta.lt\/wp-content\/uploads\/2023\/09\/logo-MAX-1.png\",\"contentUrl\":\"https:\/\/merseta.lt\/wp-content\/uploads\/2023\/09\/logo-MAX-1.png\",\"width\":285,\"height\":34,\"caption\":\"Merseta\"},\"image\":{\"@id\":\"https:\/\/merseta.lt\/#\/schema\/logo\/image\/\"}}]}<\/script>\n<!-- \/ Yoast SEO plugin. -->","yoast_head_json":{"title":"Zertifikate - Merseta","robots":{"index":"index","follow":"follow","max-snippet":"max-snippet:-1","max-image-preview":"max-image-preview:large","max-video-preview":"max-video-preview:-1"},"canonical":"https:\/\/merseta.lt\/sertifikatai\/","og_locale":"de_DE","og_type":"article","og_title":"Zertifikate - Merseta","og_description":"Zertifikate f\u00fcr Feuerl\u00f6scher ZERTIFIKATE UAB \u201eMerseta\u201c ist seit 1993 Hersteller und Lieferant von Brandschutzausr\u00fcstung. Unser Ziel ist es, dass unsere Produkte den h\u00f6chsten europ\u00e4ischen und internationalen Standards entsprechen. Dank eines qualifizierten Teams mit langj\u00e4hriger Berufserfahrung sind wir st\u00e4ndig bestrebt, die Qualit\u00e4t unserer Produkte und Dienstleistungen zu verbessern. Unsere Produkte werden von akkreditierten Zertifizierungsstellen getestet, was [&hellip;]","og_url":"https:\/\/merseta.lt\/sertifikatai\/","og_site_name":"Merseta","article_modified_time":"2026-02-11T12:16:20+00:00","og_image":[{"width":124,"height":79,"url":"https:\/\/merseta.lt\/wp-content\/uploads\/2023\/10\/20190517-123205-logo-cnpp-entreprise-1.png","type":"image\/png"}],"twitter_card":"summary_large_image","twitter_misc":{"Gesch\u00e4tzte Lesezeit":"2\u00a0Minuten"},"schema":{"@context":"https:\/\/schema.org","@graph":[{"@type":"WebPage","@id":"https:\/\/merseta.lt\/sertifikatai\/","url":"https:\/\/merseta.lt\/sertifikatai\/","name":"Zertifikate - Merseta","isPartOf":{"@id":"https:\/\/merseta.lt\/#website"},"primaryImageOfPage":{"@id":"https:\/\/merseta.lt\/sertifikatai\/#primaryimage"},"image":{"@id":"https:\/\/merseta.lt\/sertifikatai\/#primaryimage"},"thumbnailUrl":"https:\/\/merseta.lt\/wp-content\/uploads\/2023\/10\/20190517-123205-logo-cnpp-entreprise-1.png","datePublished":"2023-12-19T08:19:23+00:00","dateModified":"2026-02-11T12:16:20+00:00","breadcrumb":{"@id":"https:\/\/merseta.lt\/sertifikatai\/#breadcrumb"},"inLanguage":"de","potentialAction":[{"@type":"ReadAction","target":["https:\/\/merseta.lt\/sertifikatai\/"]}]},{"@type":"ImageObject","inLanguage":"de","@id":"https:\/\/merseta.lt\/sertifikatai\/#primaryimage","url":"https:\/\/merseta.lt\/wp-content\/uploads\/2023\/10\/20190517-123205-logo-cnpp-entreprise-1.png","contentUrl":"https:\/\/merseta.lt\/wp-content\/uploads\/2023\/10\/20190517-123205-logo-cnpp-entreprise-1.png"},{"@type":"BreadcrumbList","@id":"https:\/\/merseta.lt\/sertifikatai\/#breadcrumb","itemListElement":[{"@type":"ListItem","position":1,"name":"Hauptseite","item":"https:\/\/merseta.lt\/fr\/"},{"@type":"ListItem","position":2,"name":"Zertifikate"}]},{"@type":"WebSite","@id":"https:\/\/merseta.lt\/#website","url":"https:\/\/merseta.lt\/","name":"Merseta","description":"Anerkannter Hersteller von hochwertigen L\u00f6schmitteln und Feuerl\u00f6schern","publisher":{"@id":"https:\/\/merseta.lt\/#organization"},"potentialAction":[{"@type":"SearchAction","target":{"@type":"EntryPoint","urlTemplate":"https:\/\/merseta.lt\/?s={search_term_string}"},"query-input":{"@type":"PropertyValueSpecification","valueRequired":true,"valueName":"search_term_string"}}],"inLanguage":"de"},{"@type":"Organization","@id":"https:\/\/merseta.lt\/#organization","name":"Merseta","url":"https:\/\/merseta.lt\/","logo":{"@type":"ImageObject","inLanguage":"de","@id":"https:\/\/merseta.lt\/#\/schema\/logo\/image\/","url":"https:\/\/merseta.lt\/wp-content\/uploads\/2023\/09\/logo-MAX-1.png","contentUrl":"https:\/\/merseta.lt\/wp-content\/uploads\/2023\/09\/logo-MAX-1.png","width":285,"height":34,"caption":"Merseta"},"image":{"@id":"https:\/\/merseta.lt\/#\/schema\/logo\/image\/"}}]}},"_links":{"self":[{"href":"https:\/\/merseta.lt\/de\/wp-json\/wp\/v2\/pages\/8790","targetHints":{"allow":["GET"]}}],"collection":[{"href":"https:\/\/merseta.lt\/de\/wp-json\/wp\/v2\/pages"}],"about":[{"href":"https:\/\/merseta.lt\/de\/wp-json\/wp\/v2\/types\/page"}],"author":[{"embeddable":true,"href":"https:\/\/merseta.lt\/de\/wp-json\/wp\/v2\/users\/1"}],"replies":[{"embeddable":true,"href":"https:\/\/merseta.lt\/de\/wp-json\/wp\/v2\/comments?post=8790"}],"version-history":[{"count":3,"href":"https:\/\/merseta.lt\/de\/wp-json\/wp\/v2\/pages\/8790\/revisions"}],"predecessor-version":[{"id":11147,"href":"https:\/\/merseta.lt\/de\/wp-json\/wp\/v2\/pages\/8790\/revisions\/11147"}],"wp:attachment":[{"href":"https:\/\/merseta.lt\/de\/wp-json\/wp\/v2\/media?parent=8790"}],"curies":[{"name":"wp","href":"https:\/\/api.w.org\/{rel}","templated":true}]}}